{"id":510,"date":"2009-05-14T18:10:14","date_gmt":"2009-05-14T17:10:14","guid":{"rendered":"http:\/\/www.lasaggezzadichirone.org\/site\/?page_id=510"},"modified":"2009-05-14T18:10:54","modified_gmt":"2009-05-14T17:10:54","slug":"lisetta-e-micia-di-silvana-golle","status":"publish","type":"page","link":"http:\/\/www.lasaggezzadichirone.org\/site\/racconti\/lisetta-e-micia-di-silvana-golle\/","title":{"rendered":"Lisetta e Micia di Silvana Golle"},"content":{"rendered":"<p>Sezione: <a href=\"http:\/\/www.lasaggezzadichirone.org\/site\/?page_id=46\">Racconti<\/a><\/p>\n<p><em>Franco lamensa<\/em><\/p>\n<p><strong>Lisetta e Micia di Silvana Golle<\/strong><\/p>\n<p>\u00c8 la storia di Lisetta, una piccola cagnetta &#8220;bastardina&#8221; che tre anni fa nonna Lucia ha raccolto a Busca, provincia di Cuneo, abbandonata da qualcuno, e l&#8217;ha portata a casa sua in quel di San Vitale. Inutile dire che la piccola si \u00e8 subito affezionata alla nuova casa ed ai suoi abitanti. Ma Lisetta non era sola quando \u00e8 stata raccolta da nonna Lucia. Infatti un mesetto dopo, proprio per Pasqua, ci ha fatto una bella sorpresa mettendo al mondo due bellissimi cucciolotti bianchi e neri: un maschietto e una femminuccia. In famiglia si \u00e8 cercato di dividere &#8220;il male a met\u00e0&#8221; (si fa per dire\u2026) e mentre il maschietto finiva a Saluzzo in casa di mia sorella, la femminuccia entrava a casa nostra, con grande gioia e delizia di noi tutti.<\/p>\n<p>Scoprimmo pian piano che era terrorizzata dai tuoni ed aveva paura delle scope e dei bastoni in generale. Segno che qualcuno l&#8217;aveva picchiata e che sicuramente aveva trascorso notti sotto i temporali. Paura che non ha perso completamente, ma ora sa che quando piove pu\u00f2 rifugiarsi in casa e rimanerci f\u00ecn quanto vuole, senza che nessuno la sgridi o la metta fuori.<\/p>\n<p>Lisetta continua cos\u00ec la sua regolare esistenza nel bel giardino di nonna Lucia, in compagnia di una gattina grigio\/tigrata che noi chiamiamo semplicemente &#8220;Micia&#8221;. Dire che vivono in simbiosi non \u00e8 un&#8217;esagerazione perch\u00e9 le due bestiole, sin dall&#8217;inizio condividono tutto&#8230; persino la cuccia. Giocano come due grandi amici: il gatto si struscia sotto il collo del cane pi\u00f9 e pi\u00f9 volte, senza che Lisetta dia segni di fastidio, anzi&#8230; sembra gradire e per ricambiare, ogni tanto, gli d\u00e0 una leccata in testa&#8230;<\/p>\n<p>Fin qui nulla di strano, se non fosse che, un paio di mesi fa la gattina ha messo al mondo un micino. Come sempre \u00e8 avvenuto in passato, anche questa volta la &#8220;sala parto&#8221; \u00e8 la cuccia di Lisetta, ovvero la &#8220;residenza estiva&#8221; delle due creature&#8230; Una cuccia in legno con dentro uno strato di paglia fresca, gradevole d&#8217;estate e calda quando inizia a far freddo. Lisetta, come gi\u00e0 \u00e8 successo altre volte, assiste alla venuta al mondo del gattino e anche lei si prodiga nell&#8217;accudirlo. Lo aveva gi\u00e0 fatto in passato e per noi \u00e8 sembrata cosa normale rivederla anche in questa circostanza tutta presa in questo compito, piena di attenzioni per il cucciolotto di gatto. Provvede a pulirlo leccandolo continuamente, proprio come fa una mamma. Inizialmente lasciava la sua cuccia solo per mangiare e farsi un giretto veloce; poi tornava a prendersi cura del piccolo che noi, con poca fantasia, abbiamo chiamato &#8220;Grigino&#8221;, vista la somiglianza con il pi\u00f9 nobile &#8220;certosino&#8221;.<\/p>\n<p>Passati alcuni giorni, nonna Lucia notava che nella cuccia il cucciolo sovente era attaccato al seno di Lisetta, anzich\u00e9 a quello di mamma gatta. Per un po&#8217; abbiamo pensato che fosse un gioco e che il piccolo confondesse le mamme&#8230; e che la cagnetta si prestasse al malinteso. Lisetta per\u00f2 aveva sempre pi\u00f9 le tettine gonfie e un giorno, preoccupati che qualche malanno l&#8217;avesse colpita, abbiamo fatto un controllo pi\u00f9 accurato. La nostra apprensione \u00e8 svanita immediatamente quando, con un po&#8217; di pressione sulle mammelle, scoprivamo che erano gonfie di latte&#8230; S\u00ec, proprio latte. Lisetta si \u00e8 talmente immedesimata nella parte che senza aver messo al mondo cuccioli, si \u00e8 fatta crescere il latte per accudire quel piccolo micio&#8230; Credo che in termine scientifico questo episodio si possa classificare come &#8220;gravidanza isterica&#8221;.<\/p>\n<p>Per me \u00e8 sembrato invece un grande gesto d&#8217;amore tra animali; un grande insegnamento anche per noi umani che il pi\u00f9 delle volle ci consideriamo esseri superiori, salvo poi leggere sui giornali di madri che partoriscono bambini e li abbandonano lasciandoli morire&#8230; Questa piccola storia di animali pu\u00f2 insegnare invece un sacco di cose; come si pu\u00f2 essere madri per davvero senza aver procreato; come si pu\u00f2 amare un altro essere senza che sia della stessa razza; come pu\u00f2 essere generoso e incondizionato un amore. Si potrebbe fare un sacco di poesia intorno a questa breve storia, ma lasciamola cos\u00ec com&#8217;\u00e8 nata: nel silenzio della campagna, in un piccolo mondo dove queste cose sembrano del tutto naturali. Dove \u00e8 &#8220;normale&#8221; che &#8220;Grigetto giochi con Lisetta e con la sua mamma naturale, senza fare distinzione alcuna, proprio come succede in una vera famiglia&#8221;.<\/p>\n<p><em>Silvana Goll\u00e8, Cuneo<\/em><\/p>\n","protected":false},"excerpt":{"rendered":"<p>Sezione: Racconti Franco lamensa Lisetta e Micia di Silvana Golle \u00c8 la storia di Lisetta, una piccola cagnetta &#8220;bastardina&#8221; che tre anni fa nonna Lucia ha raccolto a Busca, provincia di Cuneo, abbandonata da qualcuno, e l&#8217;ha portata a casa sua in quel di San Vitale. Inutile dire che la piccola si \u00e8 subito affezionata &hellip; <a href=\"http:\/\/www.lasaggezzadichirone.org\/site\/racconti\/lisetta-e-micia-di-silvana-golle\/\" class=\"more-link\">Continua a leggere <span class=\"screen-reader-text\">Lisetta e Micia di Silvana Golle<\/span><\/a><\/p>\n","protected":false},"author":1,"featured_media":0,"parent":46,"menu_order":0,"comment_status":"open","ping_status":"open","template":"","meta":{"iawp_total_views":1,"footnotes":""},"class_list":["post-510","page","type-page","status-publish","hentry"],"yoast_head":"<!-- This site is optimized with the Yoast SEO plugin v27.5 - https:\/\/yoast.com\/product\/yoast-seo-wordpress\/ -->\n<title>Lisetta e Micia di Silvana Golle - La Saggezza di Chirone<\/title>\n<meta name=\"robots\" content=\"index, follow, max-snippet:-1, max-image-preview:large, max-video-preview:-1\" \/>\n<link rel=\"canonical\" href=\"http:\/\/www.lasaggezzadichirone.org\/site\/racconti\/lisetta-e-micia-di-silvana-golle\/\" \/>\n<meta property=\"og:locale\" content=\"it_IT\" \/>\n<meta property=\"og:type\" content=\"article\" \/>\n<meta property=\"og:title\" content=\"Lisetta e Micia di Silvana Golle - La Saggezza di Chirone\" \/>\n<meta property=\"og:description\" content=\"Sezione: Racconti Franco lamensa Lisetta e Micia di Silvana Golle \u00c8 la storia di Lisetta, una piccola cagnetta &#8220;bastardina&#8221; che tre anni fa nonna Lucia ha raccolto a Busca, provincia di Cuneo, abbandonata da qualcuno, e l&#8217;ha portata a casa sua in quel di San Vitale. Inutile dire che la piccola si \u00e8 subito affezionata &hellip; Continua a leggere Lisetta e Micia di Silvana Golle\" \/>\n<meta property=\"og:url\" content=\"http:\/\/www.lasaggezzadichirone.org\/site\/racconti\/lisetta-e-micia-di-silvana-golle\/\" \/>\n<meta property=\"og:site_name\" content=\"La Saggezza di Chirone\" \/>\n<meta property=\"article:modified_time\" content=\"2009-05-14T17:10:54+00:00\" \/>\n<meta name=\"twitter:card\" content=\"summary_large_image\" \/>\n<meta name=\"twitter:label1\" content=\"Tempo di lettura stimato\" \/>\n\t<meta name=\"twitter:data1\" content=\"4 minuti\" \/>\n<script type=\"application\/ld+json\" class=\"yoast-schema-graph\">{\"@context\":\"https:\\\/\\\/schema.org\",\"@graph\":[{\"@type\":\"WebPage\",\"@id\":\"http:\\\/\\\/www.lasaggezzadichirone.org\\\/site\\\/racconti\\\/lisetta-e-micia-di-silvana-golle\\\/\",\"url\":\"http:\\\/\\\/www.lasaggezzadichirone.org\\\/site\\\/racconti\\\/lisetta-e-micia-di-silvana-golle\\\/\",\"name\":\"Lisetta e Micia di Silvana Golle - La Saggezza di Chirone\",\"isPartOf\":{\"@id\":\"http:\\\/\\\/www.lasaggezzadichirone.org\\\/site\\\/#website\"},\"datePublished\":\"2009-05-14T17:10:14+00:00\",\"dateModified\":\"2009-05-14T17:10:54+00:00\",\"breadcrumb\":{\"@id\":\"http:\\\/\\\/www.lasaggezzadichirone.org\\\/site\\\/racconti\\\/lisetta-e-micia-di-silvana-golle\\\/#breadcrumb\"},\"inLanguage\":\"it-IT\",\"potentialAction\":[{\"@type\":\"ReadAction\",\"target\":[\"http:\\\/\\\/www.lasaggezzadichirone.org\\\/site\\\/racconti\\\/lisetta-e-micia-di-silvana-golle\\\/\"]}]},{\"@type\":\"BreadcrumbList\",\"@id\":\"http:\\\/\\\/www.lasaggezzadichirone.org\\\/site\\\/racconti\\\/lisetta-e-micia-di-silvana-golle\\\/#breadcrumb\",\"itemListElement\":[{\"@type\":\"ListItem\",\"position\":1,\"name\":\"Home\",\"item\":\"http:\\\/\\\/www.lasaggezzadichirone.org\\\/site\\\/\"},{\"@type\":\"ListItem\",\"position\":2,\"name\":\"Racconti\",\"item\":\"http:\\\/\\\/www.lasaggezzadichirone.org\\\/site\\\/racconti\\\/\"},{\"@type\":\"ListItem\",\"position\":3,\"name\":\"Lisetta e Micia di Silvana Golle\"}]},{\"@type\":\"WebSite\",\"@id\":\"http:\\\/\\\/www.lasaggezzadichirone.org\\\/site\\\/#website\",\"url\":\"http:\\\/\\\/www.lasaggezzadichirone.org\\\/site\\\/\",\"name\":\"La Saggezza di Chirone\",\"description\":\"Letteratura, Filosofia, Etica, Poesia e Animali\",\"publisher\":{\"@id\":\"http:\\\/\\\/www.lasaggezzadichirone.org\\\/site\\\/#organization\"},\"potentialAction\":[{\"@type\":\"SearchAction\",\"target\":{\"@type\":\"EntryPoint\",\"urlTemplate\":\"http:\\\/\\\/www.lasaggezzadichirone.org\\\/site\\\/?s={search_term_string}\"},\"query-input\":{\"@type\":\"PropertyValueSpecification\",\"valueRequired\":true,\"valueName\":\"search_term_string\"}}],\"inLanguage\":\"it-IT\"},{\"@type\":\"Organization\",\"@id\":\"http:\\\/\\\/www.lasaggezzadichirone.org\\\/site\\\/#organization\",\"name\":\"La Saggezza di Chirone\",\"url\":\"http:\\\/\\\/www.lasaggezzadichirone.org\\\/site\\\/\",\"logo\":{\"@type\":\"ImageObject\",\"inLanguage\":\"it-IT\",\"@id\":\"http:\\\/\\\/www.lasaggezzadichirone.org\\\/site\\\/#\\\/schema\\\/logo\\\/image\\\/\",\"url\":\"http:\\\/\\\/www.lasaggezzadichirone.org\\\/site\\\/wp-content\\\/uploads\\\/2013\\\/12\\\/chirone2.jpg\",\"contentUrl\":\"http:\\\/\\\/www.lasaggezzadichirone.org\\\/site\\\/wp-content\\\/uploads\\\/2013\\\/12\\\/chirone2.jpg\",\"width\":300,\"height\":248,\"caption\":\"La Saggezza di Chirone\"},\"image\":{\"@id\":\"http:\\\/\\\/www.lasaggezzadichirone.org\\\/site\\\/#\\\/schema\\\/logo\\\/image\\\/\"}}]}<\/script>\n<!-- \/ Yoast SEO plugin. -->","yoast_head_json":{"title":"Lisetta e Micia di Silvana Golle - La Saggezza di Chirone","robots":{"index":"index","follow":"follow","max-snippet":"max-snippet:-1","max-image-preview":"max-image-preview:large","max-video-preview":"max-video-preview:-1"},"canonical":"http:\/\/www.lasaggezzadichirone.org\/site\/racconti\/lisetta-e-micia-di-silvana-golle\/","og_locale":"it_IT","og_type":"article","og_title":"Lisetta e Micia di Silvana Golle - La Saggezza di Chirone","og_description":"Sezione: Racconti Franco lamensa Lisetta e Micia di Silvana Golle \u00c8 la storia di Lisetta, una piccola cagnetta &#8220;bastardina&#8221; che tre anni fa nonna Lucia ha raccolto a Busca, provincia di Cuneo, abbandonata da qualcuno, e l&#8217;ha portata a casa sua in quel di San Vitale. Inutile dire che la piccola si \u00e8 subito affezionata &hellip; Continua a leggere Lisetta e Micia di Silvana Golle","og_url":"http:\/\/www.lasaggezzadichirone.org\/site\/racconti\/lisetta-e-micia-di-silvana-golle\/","og_site_name":"La Saggezza di Chirone","article_modified_time":"2009-05-14T17:10:54+00:00","twitter_card":"summary_large_image","twitter_misc":{"Tempo di lettura stimato":"4 minuti"},"schema":{"@context":"https:\/\/schema.org","@graph":[{"@type":"WebPage","@id":"http:\/\/www.lasaggezzadichirone.org\/site\/racconti\/lisetta-e-micia-di-silvana-golle\/","url":"http:\/\/www.lasaggezzadichirone.org\/site\/racconti\/lisetta-e-micia-di-silvana-golle\/","name":"Lisetta e Micia di Silvana Golle - La Saggezza di Chirone","isPartOf":{"@id":"http:\/\/www.lasaggezzadichirone.org\/site\/#website"},"datePublished":"2009-05-14T17:10:14+00:00","dateModified":"2009-05-14T17:10:54+00:00","breadcrumb":{"@id":"http:\/\/www.lasaggezzadichirone.org\/site\/racconti\/lisetta-e-micia-di-silvana-golle\/#breadcrumb"},"inLanguage":"it-IT","potentialAction":[{"@type":"ReadAction","target":["http:\/\/www.lasaggezzadichirone.org\/site\/racconti\/lisetta-e-micia-di-silvana-golle\/"]}]},{"@type":"BreadcrumbList","@id":"http:\/\/www.lasaggezzadichirone.org\/site\/racconti\/lisetta-e-micia-di-silvana-golle\/#breadcrumb","itemListElement":[{"@type":"ListItem","position":1,"name":"Home","item":"http:\/\/www.lasaggezzadichirone.org\/site\/"},{"@type":"ListItem","position":2,"name":"Racconti","item":"http:\/\/www.lasaggezzadichirone.org\/site\/racconti\/"},{"@type":"ListItem","position":3,"name":"Lisetta e Micia di Silvana Golle"}]},{"@type":"WebSite","@id":"http:\/\/www.lasaggezzadichirone.org\/site\/#website","url":"http:\/\/www.lasaggezzadichirone.org\/site\/","name":"La Saggezza di Chirone","description":"Letteratura, Filosofia, Etica, Poesia e Animali","publisher":{"@id":"http:\/\/www.lasaggezzadichirone.org\/site\/#organization"},"potentialAction":[{"@type":"SearchAction","target":{"@type":"EntryPoint","urlTemplate":"http:\/\/www.lasaggezzadichirone.org\/site\/?s={search_term_string}"},"query-input":{"@type":"PropertyValueSpecification","valueRequired":true,"valueName":"search_term_string"}}],"inLanguage":"it-IT"},{"@type":"Organization","@id":"http:\/\/www.lasaggezzadichirone.org\/site\/#organization","name":"La Saggezza di Chirone","url":"http:\/\/www.lasaggezzadichirone.org\/site\/","logo":{"@type":"ImageObject","inLanguage":"it-IT","@id":"http:\/\/www.lasaggezzadichirone.org\/site\/#\/schema\/logo\/image\/","url":"http:\/\/www.lasaggezzadichirone.org\/site\/wp-content\/uploads\/2013\/12\/chirone2.jpg","contentUrl":"http:\/\/www.lasaggezzadichirone.org\/site\/wp-content\/uploads\/2013\/12\/chirone2.jpg","width":300,"height":248,"caption":"La Saggezza di Chirone"},"image":{"@id":"http:\/\/www.lasaggezzadichirone.org\/site\/#\/schema\/logo\/image\/"}}]}},"_links":{"self":[{"href":"http:\/\/www.lasaggezzadichirone.org\/site\/wp-json\/wp\/v2\/pages\/510","targetHints":{"allow":["GET"]}}],"collection":[{"href":"http:\/\/www.lasaggezzadichirone.org\/site\/wp-json\/wp\/v2\/pages"}],"about":[{"href":"http:\/\/www.lasaggezzadichirone.org\/site\/wp-json\/wp\/v2\/types\/page"}],"author":[{"embeddable":true,"href":"http:\/\/www.lasaggezzadichirone.org\/site\/wp-json\/wp\/v2\/users\/1"}],"replies":[{"embeddable":true,"href":"http:\/\/www.lasaggezzadichirone.org\/site\/wp-json\/wp\/v2\/comments?post=510"}],"version-history":[{"count":2,"href":"http:\/\/www.lasaggezzadichirone.org\/site\/wp-json\/wp\/v2\/pages\/510\/revisions"}],"predecessor-version":[{"id":512,"href":"http:\/\/www.lasaggezzadichirone.org\/site\/wp-json\/wp\/v2\/pages\/510\/revisions\/512"}],"up":[{"embeddable":true,"href":"http:\/\/www.lasaggezzadichirone.org\/site\/wp-json\/wp\/v2\/pages\/46"}],"wp:attachment":[{"href":"http:\/\/www.lasaggezzadichirone.org\/site\/wp-json\/wp\/v2\/media?parent=510"}],"curies":[{"name":"wp","href":"https:\/\/api.w.org\/{rel}","templated":true}]}}