{"id":503,"date":"2009-05-14T18:01:51","date_gmt":"2009-05-14T17:01:51","guid":{"rendered":"http:\/\/www.lasaggezzadichirone.org\/site\/?page_id=503"},"modified":"2009-05-14T18:01:51","modified_gmt":"2009-05-14T17:01:51","slug":"la-scelta-il-veganismo","status":"publish","type":"page","link":"http:\/\/www.lasaggezzadichirone.org\/site\/racconti\/la-scelta-il-veganismo\/","title":{"rendered":"La scelta: il veganismo"},"content":{"rendered":"<p>Sezione: <a href=\"http:\/\/www.lasaggezzadichirone.org\/site\/?page_id=46\">Racconti<\/a><\/p>\n<p><strong>LA SCELTA: \u201cIL VEGANISMO\u201d<br \/>\n\u201cLa scelta per salvare gli animali dalla morte e dallo sfruttamento \u00e8 per rifiutare nettamente \u00e8 scardinare definitivamente l\u2019industria assassina\u201d<\/strong><\/p>\n<p><em>Francesco Fortinguerra<\/em><\/p>\n<p>Sta facendo scalpore il libro \u201cUn\u2019eterna Treblinka\u201d, per il fatto che si accostino le torture dei campi di concentramento nazisti agli allevamenti attuali. Questa \u00e8 un\u2019importante novit\u00e0 culturale che permette di fare una piccola breccia nel muro che divide nella mentalit\u00e0 corrente la sofferenza umana da quella non umana.<\/p>\n<p>Gi\u00e0 Marguerite Yourcenaur, celebre scrittrice francese scrisse che se non si fosse accettata l\u2019esistenza dei carri piombati per gli animali, i soldati nazisti non avrebbero accettato di far salire su quei carri degli esseri umani, confermando cos\u00ec che l\u2019insensibilit\u00e0 verso la sofferenza degli animali tende naturalmente a allargare il suo dominio anche verso la sofferenza umana.<\/p>\n<p>Ma vediamo un po\u2019 perch\u00e9 gli allevamenti intensivi possono essere definiti un\u2019eterna Treblinka: negli attuali allevamenti industrializzati, miliardi di animali destinati al macello sono costretti a vivere incatenati o chiusi in gabbie sovraffollate, incompatibili con le loro esigenze fisiologiche, privati spesso persino della minima libert\u00e0 di movimento, impediti nella pratica di istinti affettivi e sessuali, mutilati, sottoposti a costanti terapie antibiotiche ed ormonali (sia per prevenire l\u2019esplosione di epidemie che per velocizzare la loro crescita), ad un\u2019illuminazione ininterrotta che impedisce loro di dormire per aumentare la produzion, nutriti con alimenti inadeguati, chimici e innaturali (fino ai casi delle mucche costrette al cannibalismo), costretti a respirare un\u2019aria satura di anidride carbonica, idrogeno solforato, vapori ammoniacali, polveri varie e povera d\u2019ossigeno.<\/p>\n<p>La morte degli animali allevati \u00e8 preceduta da trasporti lunghi ed estenuanti verso i mattatoi. Stipati nei camion, senza potersi muovere per molte ore e spesso molti giorni, con rare o a volte nessuna sosta per poter bere o mangiare, soffrendo il caldo o le intemperie, arrivano al macello in gravi condizioni di stress, spesso cos\u00ec debilitati da non riuscire nemmeno ad alzarsi. Qui, a causa della rapidit\u00e0 delle linee di macellazione (talvolta fino a 400 capi all\u2019ora ognuna) molte volte non sono storditi in maniera corretta e sono quindi coscienti quando viene loro tagliata la gola, quando sono scuoiati, decapitati, squartati, o quando giungono nell\u2019acqua bollente delle vasche di scottatura. Un operaio di un macello americano, nel corso di un\u2019intervista, ha dichiarato che almeno il 15% degli animali muore ogni giorno \u201cpezzo dopo pezzo\u201d, roteando gli occhi e muovendo la testa (alcuni suoi colleghi usano protezioni da hockey per non subire gravi lesioni dagli animali agonizzanti).<\/p>\n<p>Per i suini il momento del macello \u00e8 particolarmente orribile, perch\u00e9 il numero delle uccisioni \u00e8 altissimo, anche 1000 animali in una mattinata. In queste situazioni lo stordimento molte volte non viene ben applicato, e quindi gli animali vengono sgozzati, e poi gettati nelle vasche di acqua bollente, ancora coscienti. Infatti, quando se ne esaminano i polmoni, molto spesso si vede che contengono sia sangue che acqua, il che dimostra che gli animali erano ancora vivi e hanno respirato acqua bollente quando sono stati gettati nelle vasche.<\/p>\n<p>L\u2019unica morte davvero indolore renderebbe necessario narcotizzare l\u2019animale, ma questo non \u00e8 possibile, perch\u00e9 le sue carni devono poi essere mangiate. Ma anche se esistesse un tipo di macellazione senza sofferenza, \u00e8 chiaro che non sarebbe comunque accettabile, perch\u00e9 \u00e8 l\u2019idea stessa di uccidere un animale, come se potessimo disporre della sua vita a nostro piacimento, che \u00e8 totalmente inaccettabile da un punto di vista etico.<\/p>\n<p>Per quanto riguarda i pesci la loro morte \u00e8 ancora peggiore: muoiono asfissiati, in una lenta agonia, muta, perch\u00e9 non siamo in grado di sentire i suoni che emettono. A volte arrivano nei banchi delle pescherie ancora vivi a terminare la loro agonia tra il ghiaccio. I crostacei e i molluschi finiscono bolliti vivi!<\/p>\n<p>La vera scelta per salvare animali \u00e8 quella di essere vegan. Cosa \u00e8 il Veganismo? Un gradino oltre il Vegetarismo classico e consiste semplicemente nel cercare di evitare ogni genere di prodotto che implichi morte e sofferenza per gli animali, a partire ovviamente dalla dieta: e dunque niente carne e niente pesce, ma neanche latte, latticini e uova.<\/p>\n<p>Purtroppo mentre \u00e8 facile capire che mangiare carne vuol dire uccidere animali (dopo averli costretti ad una vita di sofferenza negli allevamenti), non sempre \u00e8 chiaro come anche gli altri prodotti animali, latte e uova, implichino DIRETTAMENTE sfruttamento, sofferenza e morte, in quanto oggi la loro produzione comporta sempre un loro pesante sfruttamento; persino nei pochi allevamenti biologici, in cui gli animali riescono a vivere in modo confacente alla loro natura, gli animali restano mezzi di produzione e una volta finito il ciclo non vanno certo in pensione, ma vanno al macello, nelle condizioni sopra descritte.<\/p>\n<p>La base solida e coerente dell\u2019animalismo deve essere l\u2019antispecismo: tutti gli animali hanno uguale diritto alla vita e non possono essere trattati come oggetti, indipendentemente dalla loro specie. E l\u2019unico modo per applicare questo principio in concreto \u00e8 smettere di consumare ogni alimento di origine animale; difficilmente si pu\u00f2 parlare di diritti degli animali, se nel frattempo si continua ad alimentare l\u2019industria del loro sfruttamento consumando latte, latticini e uova prodotti nelle moderne Treblinka.<\/p>\n<p>Per maggiori informazioni:<\/p>\n<p>Associazione Vegetariana Italiana: <a href=\"http:\/\/www.vegetariani.it\">http:\/\/www.vegetariani.it<\/a><\/p>\n<p>Associazione Progetto Vivere Vegan: <a href=\"http:\/\/www.viverevegan.org\">http:\/\/www.viverevegan.org<\/a><\/p>\n<p>Collettivo HappyVegan: <a href=\"http:\/\/www.happyvegan.org\">http:\/\/www.happyvegan.org<\/a><\/p>\n<p>VeganLink: <a href=\"http:\/\/www.veganlink.it\">http:\/\/www.veganlink.it<\/a><\/p>\n<p>Agire Ora: http:\/\/www.agireora.org<\/p>\n<p>Sai Cosa Mangi: <a href=\"http:\/\/www.saicosamangi.info\">http:\/\/www.saicosamangi.info<\/a><\/p>\n<p>Articolo di Francesco Fortinguerra<\/p>\n<p><strong>Delegato Responsabile della Sezione Provinciale di Foggia del Comitato Europeo Difesa Animali (O.N.L.U.S.), Notiziario Animalista e della Lega per l\u2019Abolizione della Caccia (O.N.L.U.S.)<\/strong><\/p>\n<p>per contatti ed informazioni inviate un\u2019e-mail a: <a href=\"mailto:francesco_fortinguerra@virgilio.it\">francesco_fortinguerra@virgilio.it<\/a> e\/o <a href=\"mailto:lac_fg@yahoo.it\">lac_fg@yahoo.it<\/a><\/p>\n","protected":false},"excerpt":{"rendered":"<p>Sezione: Racconti LA SCELTA: \u201cIL VEGANISMO\u201d \u201cLa scelta per salvare gli animali dalla morte e dallo sfruttamento \u00e8 per rifiutare nettamente \u00e8 scardinare definitivamente l\u2019industria assassina\u201d Francesco Fortinguerra Sta facendo scalpore il libro \u201cUn\u2019eterna Treblinka\u201d, per il fatto che si accostino le torture dei campi di concentramento nazisti agli allevamenti attuali. Questa \u00e8 un\u2019importante novit\u00e0 &hellip; <a href=\"http:\/\/www.lasaggezzadichirone.org\/site\/racconti\/la-scelta-il-veganismo\/\" class=\"more-link\">Continua a leggere <span class=\"screen-reader-text\">La scelta: il veganismo<\/span><\/a><\/p>\n","protected":false},"author":1,"featured_media":0,"parent":46,"menu_order":0,"comment_status":"open","ping_status":"open","template":"","meta":{"iawp_total_views":0,"footnotes":""},"class_list":["post-503","page","type-page","status-publish","hentry"],"yoast_head":"<!-- This site is optimized with the Yoast SEO plugin v27.5 - https:\/\/yoast.com\/product\/yoast-seo-wordpress\/ -->\n<title>La scelta: il veganismo - La Saggezza di Chirone<\/title>\n<meta name=\"robots\" content=\"index, follow, max-snippet:-1, max-image-preview:large, max-video-preview:-1\" \/>\n<link rel=\"canonical\" href=\"http:\/\/www.lasaggezzadichirone.org\/site\/racconti\/la-scelta-il-veganismo\/\" \/>\n<meta property=\"og:locale\" content=\"it_IT\" \/>\n<meta property=\"og:type\" content=\"article\" \/>\n<meta property=\"og:title\" content=\"La scelta: il veganismo - La Saggezza di Chirone\" \/>\n<meta property=\"og:description\" content=\"Sezione: Racconti LA SCELTA: \u201cIL VEGANISMO\u201d \u201cLa scelta per salvare gli animali dalla morte e dallo sfruttamento \u00e8 per rifiutare nettamente \u00e8 scardinare definitivamente l\u2019industria assassina\u201d Francesco Fortinguerra Sta facendo scalpore il libro \u201cUn\u2019eterna Treblinka\u201d, per il fatto che si accostino le torture dei campi di concentramento nazisti agli allevamenti attuali. Questa \u00e8 un\u2019importante novit\u00e0 &hellip; Continua a leggere La scelta: il veganismo\" \/>\n<meta property=\"og:url\" content=\"http:\/\/www.lasaggezzadichirone.org\/site\/racconti\/la-scelta-il-veganismo\/\" \/>\n<meta property=\"og:site_name\" content=\"La Saggezza di Chirone\" \/>\n<meta name=\"twitter:card\" content=\"summary_large_image\" \/>\n<meta name=\"twitter:label1\" content=\"Tempo di lettura stimato\" \/>\n\t<meta name=\"twitter:data1\" content=\"5 minuti\" \/>\n<script type=\"application\/ld+json\" class=\"yoast-schema-graph\">{\"@context\":\"https:\\\/\\\/schema.org\",\"@graph\":[{\"@type\":\"WebPage\",\"@id\":\"http:\\\/\\\/www.lasaggezzadichirone.org\\\/site\\\/racconti\\\/la-scelta-il-veganismo\\\/\",\"url\":\"http:\\\/\\\/www.lasaggezzadichirone.org\\\/site\\\/racconti\\\/la-scelta-il-veganismo\\\/\",\"name\":\"La scelta: il veganismo - La Saggezza di Chirone\",\"isPartOf\":{\"@id\":\"http:\\\/\\\/www.lasaggezzadichirone.org\\\/site\\\/#website\"},\"datePublished\":\"2009-05-14T17:01:51+00:00\",\"breadcrumb\":{\"@id\":\"http:\\\/\\\/www.lasaggezzadichirone.org\\\/site\\\/racconti\\\/la-scelta-il-veganismo\\\/#breadcrumb\"},\"inLanguage\":\"it-IT\",\"potentialAction\":[{\"@type\":\"ReadAction\",\"target\":[\"http:\\\/\\\/www.lasaggezzadichirone.org\\\/site\\\/racconti\\\/la-scelta-il-veganismo\\\/\"]}]},{\"@type\":\"BreadcrumbList\",\"@id\":\"http:\\\/\\\/www.lasaggezzadichirone.org\\\/site\\\/racconti\\\/la-scelta-il-veganismo\\\/#breadcrumb\",\"itemListElement\":[{\"@type\":\"ListItem\",\"position\":1,\"name\":\"Home\",\"item\":\"http:\\\/\\\/www.lasaggezzadichirone.org\\\/site\\\/\"},{\"@type\":\"ListItem\",\"position\":2,\"name\":\"Racconti\",\"item\":\"http:\\\/\\\/www.lasaggezzadichirone.org\\\/site\\\/racconti\\\/\"},{\"@type\":\"ListItem\",\"position\":3,\"name\":\"La scelta: il veganismo\"}]},{\"@type\":\"WebSite\",\"@id\":\"http:\\\/\\\/www.lasaggezzadichirone.org\\\/site\\\/#website\",\"url\":\"http:\\\/\\\/www.lasaggezzadichirone.org\\\/site\\\/\",\"name\":\"La Saggezza di Chirone\",\"description\":\"Letteratura, Filosofia, Etica, Poesia e Animali\",\"publisher\":{\"@id\":\"http:\\\/\\\/www.lasaggezzadichirone.org\\\/site\\\/#organization\"},\"potentialAction\":[{\"@type\":\"SearchAction\",\"target\":{\"@type\":\"EntryPoint\",\"urlTemplate\":\"http:\\\/\\\/www.lasaggezzadichirone.org\\\/site\\\/?s={search_term_string}\"},\"query-input\":{\"@type\":\"PropertyValueSpecification\",\"valueRequired\":true,\"valueName\":\"search_term_string\"}}],\"inLanguage\":\"it-IT\"},{\"@type\":\"Organization\",\"@id\":\"http:\\\/\\\/www.lasaggezzadichirone.org\\\/site\\\/#organization\",\"name\":\"La Saggezza di Chirone\",\"url\":\"http:\\\/\\\/www.lasaggezzadichirone.org\\\/site\\\/\",\"logo\":{\"@type\":\"ImageObject\",\"inLanguage\":\"it-IT\",\"@id\":\"http:\\\/\\\/www.lasaggezzadichirone.org\\\/site\\\/#\\\/schema\\\/logo\\\/image\\\/\",\"url\":\"http:\\\/\\\/www.lasaggezzadichirone.org\\\/site\\\/wp-content\\\/uploads\\\/2013\\\/12\\\/chirone2.jpg\",\"contentUrl\":\"http:\\\/\\\/www.lasaggezzadichirone.org\\\/site\\\/wp-content\\\/uploads\\\/2013\\\/12\\\/chirone2.jpg\",\"width\":300,\"height\":248,\"caption\":\"La Saggezza di Chirone\"},\"image\":{\"@id\":\"http:\\\/\\\/www.lasaggezzadichirone.org\\\/site\\\/#\\\/schema\\\/logo\\\/image\\\/\"}}]}<\/script>\n<!-- \/ Yoast SEO plugin. -->","yoast_head_json":{"title":"La scelta: il veganismo - La Saggezza di Chirone","robots":{"index":"index","follow":"follow","max-snippet":"max-snippet:-1","max-image-preview":"max-image-preview:large","max-video-preview":"max-video-preview:-1"},"canonical":"http:\/\/www.lasaggezzadichirone.org\/site\/racconti\/la-scelta-il-veganismo\/","og_locale":"it_IT","og_type":"article","og_title":"La scelta: il veganismo - La Saggezza di Chirone","og_description":"Sezione: Racconti LA SCELTA: \u201cIL VEGANISMO\u201d \u201cLa scelta per salvare gli animali dalla morte e dallo sfruttamento \u00e8 per rifiutare nettamente \u00e8 scardinare definitivamente l\u2019industria assassina\u201d Francesco Fortinguerra Sta facendo scalpore il libro \u201cUn\u2019eterna Treblinka\u201d, per il fatto che si accostino le torture dei campi di concentramento nazisti agli allevamenti attuali. Questa \u00e8 un\u2019importante novit\u00e0 &hellip; Continua a leggere La scelta: il veganismo","og_url":"http:\/\/www.lasaggezzadichirone.org\/site\/racconti\/la-scelta-il-veganismo\/","og_site_name":"La Saggezza di Chirone","twitter_card":"summary_large_image","twitter_misc":{"Tempo di lettura stimato":"5 minuti"},"schema":{"@context":"https:\/\/schema.org","@graph":[{"@type":"WebPage","@id":"http:\/\/www.lasaggezzadichirone.org\/site\/racconti\/la-scelta-il-veganismo\/","url":"http:\/\/www.lasaggezzadichirone.org\/site\/racconti\/la-scelta-il-veganismo\/","name":"La scelta: il veganismo - La Saggezza di Chirone","isPartOf":{"@id":"http:\/\/www.lasaggezzadichirone.org\/site\/#website"},"datePublished":"2009-05-14T17:01:51+00:00","breadcrumb":{"@id":"http:\/\/www.lasaggezzadichirone.org\/site\/racconti\/la-scelta-il-veganismo\/#breadcrumb"},"inLanguage":"it-IT","potentialAction":[{"@type":"ReadAction","target":["http:\/\/www.lasaggezzadichirone.org\/site\/racconti\/la-scelta-il-veganismo\/"]}]},{"@type":"BreadcrumbList","@id":"http:\/\/www.lasaggezzadichirone.org\/site\/racconti\/la-scelta-il-veganismo\/#breadcrumb","itemListElement":[{"@type":"ListItem","position":1,"name":"Home","item":"http:\/\/www.lasaggezzadichirone.org\/site\/"},{"@type":"ListItem","position":2,"name":"Racconti","item":"http:\/\/www.lasaggezzadichirone.org\/site\/racconti\/"},{"@type":"ListItem","position":3,"name":"La scelta: il veganismo"}]},{"@type":"WebSite","@id":"http:\/\/www.lasaggezzadichirone.org\/site\/#website","url":"http:\/\/www.lasaggezzadichirone.org\/site\/","name":"La Saggezza di Chirone","description":"Letteratura, Filosofia, Etica, Poesia e Animali","publisher":{"@id":"http:\/\/www.lasaggezzadichirone.org\/site\/#organization"},"potentialAction":[{"@type":"SearchAction","target":{"@type":"EntryPoint","urlTemplate":"http:\/\/www.lasaggezzadichirone.org\/site\/?s={search_term_string}"},"query-input":{"@type":"PropertyValueSpecification","valueRequired":true,"valueName":"search_term_string"}}],"inLanguage":"it-IT"},{"@type":"Organization","@id":"http:\/\/www.lasaggezzadichirone.org\/site\/#organization","name":"La Saggezza di Chirone","url":"http:\/\/www.lasaggezzadichirone.org\/site\/","logo":{"@type":"ImageObject","inLanguage":"it-IT","@id":"http:\/\/www.lasaggezzadichirone.org\/site\/#\/schema\/logo\/image\/","url":"http:\/\/www.lasaggezzadichirone.org\/site\/wp-content\/uploads\/2013\/12\/chirone2.jpg","contentUrl":"http:\/\/www.lasaggezzadichirone.org\/site\/wp-content\/uploads\/2013\/12\/chirone2.jpg","width":300,"height":248,"caption":"La Saggezza di Chirone"},"image":{"@id":"http:\/\/www.lasaggezzadichirone.org\/site\/#\/schema\/logo\/image\/"}}]}},"_links":{"self":[{"href":"http:\/\/www.lasaggezzadichirone.org\/site\/wp-json\/wp\/v2\/pages\/503","targetHints":{"allow":["GET"]}}],"collection":[{"href":"http:\/\/www.lasaggezzadichirone.org\/site\/wp-json\/wp\/v2\/pages"}],"about":[{"href":"http:\/\/www.lasaggezzadichirone.org\/site\/wp-json\/wp\/v2\/types\/page"}],"author":[{"embeddable":true,"href":"http:\/\/www.lasaggezzadichirone.org\/site\/wp-json\/wp\/v2\/users\/1"}],"replies":[{"embeddable":true,"href":"http:\/\/www.lasaggezzadichirone.org\/site\/wp-json\/wp\/v2\/comments?post=503"}],"version-history":[{"count":2,"href":"http:\/\/www.lasaggezzadichirone.org\/site\/wp-json\/wp\/v2\/pages\/503\/revisions"}],"predecessor-version":[{"id":505,"href":"http:\/\/www.lasaggezzadichirone.org\/site\/wp-json\/wp\/v2\/pages\/503\/revisions\/505"}],"up":[{"embeddable":true,"href":"http:\/\/www.lasaggezzadichirone.org\/site\/wp-json\/wp\/v2\/pages\/46"}],"wp:attachment":[{"href":"http:\/\/www.lasaggezzadichirone.org\/site\/wp-json\/wp\/v2\/media?parent=503"}],"curies":[{"name":"wp","href":"https:\/\/api.w.org\/{rel}","templated":true}]}}