{"id":500,"date":"2009-05-14T17:58:07","date_gmt":"2009-05-14T16:58:07","guid":{"rendered":"http:\/\/www.lasaggezzadichirone.org\/site\/?page_id=500"},"modified":"2009-05-14T17:58:33","modified_gmt":"2009-05-14T16:58:33","slug":"pellicceeleganza-criminale","status":"publish","type":"page","link":"http:\/\/www.lasaggezzadichirone.org\/site\/racconti\/pellicceeleganza-criminale\/","title":{"rendered":"Pellicce=eleganza criminale"},"content":{"rendered":"<p>Sezione: <a href=\"http:\/\/www.lasaggezzadichirone.org\/site\/?page_id=46\">Racconti<\/a><\/p>\n<p><strong>PELLICCE = ELEGANZA CRIMINALE<br \/>\n\u201cAttacchiamo e scardiniamo definitivamente l\u2019industria della morte e della sofferenza\u201d<\/strong><\/p>\n<p><em>Francesco Fortinguerra<\/em><\/p>\n<p>Nella loro vita, gli animali d&#8217;allevamento conoscono solo la reclusione in spazi limitatissimi e sovraffollati. Trascorrono la loro vita in piccole gabbie sporche con il fondo metallico in rete, sono esposti forzatamente al freddo, al vento e al gelo per infoltirne il manto. Sono vittima dei loro stessi simili per fenomeni di cannibalismo e di aggressivit\u00e0 generati dalle allucinanti condizioni di vita.<br \/>\nVengono uccisi all&#8217;et\u00e0 di 7-8 mesi mediante elettrocuzione anale e vaginale, rottura delle ossa cervicali, asfissia con gas tossici o soffocamento, sparo di un chiodo nel cervello seguito da dissanguamento.<br \/>\nOccorrono dai 30 ai 60 animali per una sola pelliccia di visone, dai 180 ai 240 animali per una sola pelliccia di ermellino, dai 130 ai 200 animali per una sola pelliccia di cincill\u00e0, dalle 10 alle 24 volpi per ottenere una sola pelliccia di volpe.<\/p>\n<p>Colpo contundente al muso: si adopera largamente, specie in Europa. Nel caso del visone per esempio il colpo viene vibrato con un martello, ovvero meglio ancora con una paletta di ferro, direttamente verso il muso dell\u2019animale. Se l\u2019operazione \u00e8 condotta bene l\u2019animale morr\u00e0 istantaneamente e senza soffrire.<\/p>\n<p>Questa terrificante descrizione che lascia trasparire cosa possono passare gli animali \u201ctrattati\u201d da \u201coperatori\u201d inesperti o stanchi, non \u00e8 riportata da un volantino degli animalisti contrari alle pellicce, bens\u00ec dal manuale Animali da pelliccia, di Domenico Scaramella edito dall\u2019Edagricole una ventina d\u2019anni fa, ma ancora (purtroppo) ben valido; questa non \u00e8 naturalmente l\u2019unica perla, contenuta nel libro, ve ne presentiamo un\u2019altra:<\/p>\n<p>rottura delle ossa cervicali: salvo il caso che si operi su animali in stato di narcosi, questo sistema presenta difetti comuni ad altri, che determinano una forzata manipolazione della bestia, con conseguenze spesso imprevedibili, e per l\u2019operatore e per la pelliccia. <\/p>\n<p>Notate la totale disinvoltura con la quale si sorvola sulle conseguenze per gli animali.<\/p>\n<p>Secondo l\u2019autore \u201cil momento dell\u2019uccisione conclude le fatiche di un anno di lavoro. Uno stesso animale potrebbe essere ucciso in diverse maniere, tuttavia per pratica convenienza alcune tecniche sono preferite ad altre a seconda del tipo di allevamento.<\/p>\n<p>Seguono poi tutti i vari metodi applicabili: <\/p>\n<p>per quanto riguarda l\u2019uso di gas (con una bella foto di camera a gas usata in Norvegia per soffocare gli animali con monossido di carbonio), si segnala che in alcuni paesi alcuni gas come il cianuro sono vietati, ma si  spiega che con il cianuro un animale del peso di 10 kg veniva ucciso in meno di 45 secondi. Come? Atrocemente.<\/p>\n<p>Le iniezioni &#8211; normalmente di stricnina &#8211; hanno un grave inconveniente: per poter iniettare il liquido il soggetto deve essere trattenuto spesso violentemente, con conseguente danno alla pelliccia. E in pi\u00f9 non si pu\u00f2 riutilizzare la carne!<\/p>\n<p>Le scariche elettriche sono un sistema non scevro di inconvenienti: il pericolo che una scarica di durata maggiore (di 10 secondi ndr) potrebbe danneggiare e talvolta in maniera gravissima, il mantello della bestia, bruciandolo.  Sarebbe un vero disastro, non trovate?<\/p>\n<p>Il colpo di fucile alla nuca sembra il migliore, inadatto solo a quei capi che non devono essere commercializzati anche con la testa: il buco della fucilata permette infatti la fuoriuscita del sangue per il riutilizzo della carne e dello stesso sangue.<\/p>\n<p>Questa breve galleria degli orrori era cos\u00ec ingenuamente pubblicata in quanto negli anni ottanta la campagna contro le pellicce era basata solo contro le trappole e i pellicciai dichiaravano che loro trattavano invece pellicce d\u2019allevamento, dove gli animali venivano trattati benissimo; in realt\u00e0 gli animali da pelliccia negli  allevamenti intensivi che producono milioni di capi stanno ancora peggio di quelli da macellazione; infatti visoni, volpi ecc. sono animali che necessitano di ampi spazi per vivere e quindi, costretti in piccole gabbie, tendono anche a subire una vera e propria alienazione psicologica che porta gli animali ai classici comportamenti stereotipati, quali girare furiosamente nella gabbia, grande aggressivit\u00e0 e cos\u00ec via.<\/p>\n<p>Dato lo scalpore che aveva ottenuto la diffusione di queste macabre descrizioni lo stesso Domenico Scaramella, in una pubblicazione di alcuni anni dopo sull\u2019allevamento della nutria (quella che adesso \u00e8 accusata di gravi catastrofi) presenta il momento dell\u2019uccisione cos\u00ec: l\u2019uccisione dell\u2019animale \u00e8 un periodo penoso per molti allevatori (!!!) che dopo tanto tempo conoscono, quasi ad uno ad uno, i soggetti dell\u2019allevamento.<\/p>\n<p>Lo scandalo degli allevamenti fece molta presa nel Centro &#8211; Nordeuropa, tanto che la Germania cedette ben presto all\u2019Italia il primo posto come consumatrice di pellicce.<\/p>\n<p>Il mercato delle pellicce ha subito nel corso degli anni un rallentamento ad opera di due fattori: da una parte le battaglie animaliste sono riuscite a sensibilizzare molte donne, specie le pi\u00f9 giovani, dall\u2019altro i produttori fecero un grave errore di valutazione; la pelliccia nell\u2019immaginario collettivo era uno status symbol, una specie di principe azzurro per le donne con problemi di insoddisfazione personale: tipico esempio, le donne  pi\u00f9 impellicciate d\u2019Italia erano le insegnanti che &#8211; come sappiamo tutti &#8211; svolgono una professione divenuta nel tempo sempre pi\u00f9 ingrata; il lancio sul mercato di pellicce fatte con animali quali il castorino o con le code di visoni  e cos\u00ec via hanno permesso a tutti di ottenere questo status symbol che &#8211; diciamolo chiaramente &#8211; era un distintivo di \u201cclasse\u201d e cos\u00ec l\u2019avvento della pelliccia per tutti ha comportato la disaffezione per un capo di abbigliamento crudele e facilmente sostituibile; resta sempre fiorente invece il mercato di gran lusso, cio\u00e8 di quei cimiteri ambulanti che costano molte migliaia di Euro e che quindi possono essere ancora considerati una specie di lasciapassare per i grandi eventi (dalla prima alla Scala, al ricevimento dal Prefetto).<\/p>\n<p>Cos\u00ec adesso la pelliccia si infila soprattutto nelle guarnizioni, si cerca di piazzarla alle giovanissime abbinandola al tessuto dei Jeans, viene tosata e colorata fino a renderla irriconoscibile: insomma da noi \u00e8 finito da parecchio il tempo della continua espansione, anche se la lotta a questo capo intriso di crudelt\u00e0 non deve assolutamente diminuire; \u00e8 infatti ancora molto lontana la fine delle atrocit\u00e0 per le pellicce, anche perch\u00e9 a fronte di una tendenziale flessione dei mercati americani ed europei vi \u00e8 una crescita dei mercati emergenti (dalla Russia all\u2019Estremo Oriente) dove si  ripeter\u00e0 probabilmente quanto accaduto da noi.<\/p>\n<p><strong>Non acquistare, non regalare, non indossare pellicce e prodotti in pelle \u00e8 salverai la vita a milioni di animali.<\/strong><\/p>\n<p><em><strong>Il Delegato Responsabile della Sezione Provinciale di Foggia del Comitato Europeo Difesa Animali (ONLUS) &#8211; Notiziario Animalista &#8211; e della Lega per l&#8217;Abolizione della Caccia (ONLUS) Francesco Fortinguerra<\/strong><\/em><\/p>\n<p>Per informazioni, comunicazioni, contatti, etc.: <a href=\"mailto:fortinguerra2@virgilio.it \">fortinguerra2@virgilio.it<\/a> e <a href=\"mailto:lac_fg@yahoo.it\">lac_fg@yahoo.it<\/a> <\/p>\n","protected":false},"excerpt":{"rendered":"<p>Sezione: Racconti PELLICCE = ELEGANZA CRIMINALE \u201cAttacchiamo e scardiniamo definitivamente l\u2019industria della morte e della sofferenza\u201d Francesco Fortinguerra Nella loro vita, gli animali d&#8217;allevamento conoscono solo la reclusione in spazi limitatissimi e sovraffollati. Trascorrono la loro vita in piccole gabbie sporche con il fondo metallico in rete, sono esposti forzatamente al freddo, al vento e &hellip; <a href=\"http:\/\/www.lasaggezzadichirone.org\/site\/racconti\/pellicceeleganza-criminale\/\" class=\"more-link\">Continua a leggere <span class=\"screen-reader-text\">Pellicce=eleganza criminale<\/span><\/a><\/p>\n","protected":false},"author":1,"featured_media":0,"parent":46,"menu_order":0,"comment_status":"open","ping_status":"open","template":"","meta":{"iawp_total_views":0,"footnotes":""},"class_list":["post-500","page","type-page","status-publish","hentry"],"yoast_head":"<!-- This site is optimized with the Yoast SEO plugin v27.5 - https:\/\/yoast.com\/product\/yoast-seo-wordpress\/ -->\n<title>Pellicce=eleganza criminale - La Saggezza di Chirone<\/title>\n<meta name=\"robots\" content=\"index, follow, max-snippet:-1, max-image-preview:large, max-video-preview:-1\" \/>\n<link rel=\"canonical\" href=\"http:\/\/www.lasaggezzadichirone.org\/site\/racconti\/pellicceeleganza-criminale\/\" \/>\n<meta property=\"og:locale\" content=\"it_IT\" \/>\n<meta property=\"og:type\" content=\"article\" \/>\n<meta property=\"og:title\" content=\"Pellicce=eleganza criminale - La Saggezza di Chirone\" \/>\n<meta property=\"og:description\" content=\"Sezione: Racconti PELLICCE = ELEGANZA CRIMINALE \u201cAttacchiamo e scardiniamo definitivamente l\u2019industria della morte e della sofferenza\u201d Francesco Fortinguerra Nella loro vita, gli animali d&#8217;allevamento conoscono solo la reclusione in spazi limitatissimi e sovraffollati. Trascorrono la loro vita in piccole gabbie sporche con il fondo metallico in rete, sono esposti forzatamente al freddo, al vento e &hellip; Continua a leggere Pellicce=eleganza criminale\" \/>\n<meta property=\"og:url\" content=\"http:\/\/www.lasaggezzadichirone.org\/site\/racconti\/pellicceeleganza-criminale\/\" \/>\n<meta property=\"og:site_name\" content=\"La Saggezza di Chirone\" \/>\n<meta property=\"article:modified_time\" content=\"2009-05-14T16:58:33+00:00\" \/>\n<meta name=\"twitter:card\" content=\"summary_large_image\" \/>\n<meta name=\"twitter:label1\" content=\"Tempo di lettura stimato\" \/>\n\t<meta name=\"twitter:data1\" content=\"5 minuti\" \/>\n<script type=\"application\/ld+json\" class=\"yoast-schema-graph\">{\"@context\":\"https:\\\/\\\/schema.org\",\"@graph\":[{\"@type\":\"WebPage\",\"@id\":\"http:\\\/\\\/www.lasaggezzadichirone.org\\\/site\\\/racconti\\\/pellicceeleganza-criminale\\\/\",\"url\":\"http:\\\/\\\/www.lasaggezzadichirone.org\\\/site\\\/racconti\\\/pellicceeleganza-criminale\\\/\",\"name\":\"Pellicce=eleganza criminale - La Saggezza di Chirone\",\"isPartOf\":{\"@id\":\"http:\\\/\\\/www.lasaggezzadichirone.org\\\/site\\\/#website\"},\"datePublished\":\"2009-05-14T16:58:07+00:00\",\"dateModified\":\"2009-05-14T16:58:33+00:00\",\"breadcrumb\":{\"@id\":\"http:\\\/\\\/www.lasaggezzadichirone.org\\\/site\\\/racconti\\\/pellicceeleganza-criminale\\\/#breadcrumb\"},\"inLanguage\":\"it-IT\",\"potentialAction\":[{\"@type\":\"ReadAction\",\"target\":[\"http:\\\/\\\/www.lasaggezzadichirone.org\\\/site\\\/racconti\\\/pellicceeleganza-criminale\\\/\"]}]},{\"@type\":\"BreadcrumbList\",\"@id\":\"http:\\\/\\\/www.lasaggezzadichirone.org\\\/site\\\/racconti\\\/pellicceeleganza-criminale\\\/#breadcrumb\",\"itemListElement\":[{\"@type\":\"ListItem\",\"position\":1,\"name\":\"Home\",\"item\":\"http:\\\/\\\/www.lasaggezzadichirone.org\\\/site\\\/\"},{\"@type\":\"ListItem\",\"position\":2,\"name\":\"Racconti\",\"item\":\"http:\\\/\\\/www.lasaggezzadichirone.org\\\/site\\\/racconti\\\/\"},{\"@type\":\"ListItem\",\"position\":3,\"name\":\"Pellicce=eleganza criminale\"}]},{\"@type\":\"WebSite\",\"@id\":\"http:\\\/\\\/www.lasaggezzadichirone.org\\\/site\\\/#website\",\"url\":\"http:\\\/\\\/www.lasaggezzadichirone.org\\\/site\\\/\",\"name\":\"La Saggezza di Chirone\",\"description\":\"Letteratura, Filosofia, Etica, Poesia e Animali\",\"publisher\":{\"@id\":\"http:\\\/\\\/www.lasaggezzadichirone.org\\\/site\\\/#organization\"},\"potentialAction\":[{\"@type\":\"SearchAction\",\"target\":{\"@type\":\"EntryPoint\",\"urlTemplate\":\"http:\\\/\\\/www.lasaggezzadichirone.org\\\/site\\\/?s={search_term_string}\"},\"query-input\":{\"@type\":\"PropertyValueSpecification\",\"valueRequired\":true,\"valueName\":\"search_term_string\"}}],\"inLanguage\":\"it-IT\"},{\"@type\":\"Organization\",\"@id\":\"http:\\\/\\\/www.lasaggezzadichirone.org\\\/site\\\/#organization\",\"name\":\"La Saggezza di Chirone\",\"url\":\"http:\\\/\\\/www.lasaggezzadichirone.org\\\/site\\\/\",\"logo\":{\"@type\":\"ImageObject\",\"inLanguage\":\"it-IT\",\"@id\":\"http:\\\/\\\/www.lasaggezzadichirone.org\\\/site\\\/#\\\/schema\\\/logo\\\/image\\\/\",\"url\":\"http:\\\/\\\/www.lasaggezzadichirone.org\\\/site\\\/wp-content\\\/uploads\\\/2013\\\/12\\\/chirone2.jpg\",\"contentUrl\":\"http:\\\/\\\/www.lasaggezzadichirone.org\\\/site\\\/wp-content\\\/uploads\\\/2013\\\/12\\\/chirone2.jpg\",\"width\":300,\"height\":248,\"caption\":\"La Saggezza di Chirone\"},\"image\":{\"@id\":\"http:\\\/\\\/www.lasaggezzadichirone.org\\\/site\\\/#\\\/schema\\\/logo\\\/image\\\/\"}}]}<\/script>\n<!-- \/ Yoast SEO plugin. -->","yoast_head_json":{"title":"Pellicce=eleganza criminale - La Saggezza di Chirone","robots":{"index":"index","follow":"follow","max-snippet":"max-snippet:-1","max-image-preview":"max-image-preview:large","max-video-preview":"max-video-preview:-1"},"canonical":"http:\/\/www.lasaggezzadichirone.org\/site\/racconti\/pellicceeleganza-criminale\/","og_locale":"it_IT","og_type":"article","og_title":"Pellicce=eleganza criminale - La Saggezza di Chirone","og_description":"Sezione: Racconti PELLICCE = ELEGANZA CRIMINALE \u201cAttacchiamo e scardiniamo definitivamente l\u2019industria della morte e della sofferenza\u201d Francesco Fortinguerra Nella loro vita, gli animali d&#8217;allevamento conoscono solo la reclusione in spazi limitatissimi e sovraffollati. Trascorrono la loro vita in piccole gabbie sporche con il fondo metallico in rete, sono esposti forzatamente al freddo, al vento e &hellip; Continua a leggere Pellicce=eleganza criminale","og_url":"http:\/\/www.lasaggezzadichirone.org\/site\/racconti\/pellicceeleganza-criminale\/","og_site_name":"La Saggezza di Chirone","article_modified_time":"2009-05-14T16:58:33+00:00","twitter_card":"summary_large_image","twitter_misc":{"Tempo di lettura stimato":"5 minuti"},"schema":{"@context":"https:\/\/schema.org","@graph":[{"@type":"WebPage","@id":"http:\/\/www.lasaggezzadichirone.org\/site\/racconti\/pellicceeleganza-criminale\/","url":"http:\/\/www.lasaggezzadichirone.org\/site\/racconti\/pellicceeleganza-criminale\/","name":"Pellicce=eleganza criminale - La Saggezza di Chirone","isPartOf":{"@id":"http:\/\/www.lasaggezzadichirone.org\/site\/#website"},"datePublished":"2009-05-14T16:58:07+00:00","dateModified":"2009-05-14T16:58:33+00:00","breadcrumb":{"@id":"http:\/\/www.lasaggezzadichirone.org\/site\/racconti\/pellicceeleganza-criminale\/#breadcrumb"},"inLanguage":"it-IT","potentialAction":[{"@type":"ReadAction","target":["http:\/\/www.lasaggezzadichirone.org\/site\/racconti\/pellicceeleganza-criminale\/"]}]},{"@type":"BreadcrumbList","@id":"http:\/\/www.lasaggezzadichirone.org\/site\/racconti\/pellicceeleganza-criminale\/#breadcrumb","itemListElement":[{"@type":"ListItem","position":1,"name":"Home","item":"http:\/\/www.lasaggezzadichirone.org\/site\/"},{"@type":"ListItem","position":2,"name":"Racconti","item":"http:\/\/www.lasaggezzadichirone.org\/site\/racconti\/"},{"@type":"ListItem","position":3,"name":"Pellicce=eleganza criminale"}]},{"@type":"WebSite","@id":"http:\/\/www.lasaggezzadichirone.org\/site\/#website","url":"http:\/\/www.lasaggezzadichirone.org\/site\/","name":"La Saggezza di Chirone","description":"Letteratura, Filosofia, Etica, Poesia e Animali","publisher":{"@id":"http:\/\/www.lasaggezzadichirone.org\/site\/#organization"},"potentialAction":[{"@type":"SearchAction","target":{"@type":"EntryPoint","urlTemplate":"http:\/\/www.lasaggezzadichirone.org\/site\/?s={search_term_string}"},"query-input":{"@type":"PropertyValueSpecification","valueRequired":true,"valueName":"search_term_string"}}],"inLanguage":"it-IT"},{"@type":"Organization","@id":"http:\/\/www.lasaggezzadichirone.org\/site\/#organization","name":"La Saggezza di Chirone","url":"http:\/\/www.lasaggezzadichirone.org\/site\/","logo":{"@type":"ImageObject","inLanguage":"it-IT","@id":"http:\/\/www.lasaggezzadichirone.org\/site\/#\/schema\/logo\/image\/","url":"http:\/\/www.lasaggezzadichirone.org\/site\/wp-content\/uploads\/2013\/12\/chirone2.jpg","contentUrl":"http:\/\/www.lasaggezzadichirone.org\/site\/wp-content\/uploads\/2013\/12\/chirone2.jpg","width":300,"height":248,"caption":"La Saggezza di Chirone"},"image":{"@id":"http:\/\/www.lasaggezzadichirone.org\/site\/#\/schema\/logo\/image\/"}}]}},"_links":{"self":[{"href":"http:\/\/www.lasaggezzadichirone.org\/site\/wp-json\/wp\/v2\/pages\/500","targetHints":{"allow":["GET"]}}],"collection":[{"href":"http:\/\/www.lasaggezzadichirone.org\/site\/wp-json\/wp\/v2\/pages"}],"about":[{"href":"http:\/\/www.lasaggezzadichirone.org\/site\/wp-json\/wp\/v2\/types\/page"}],"author":[{"embeddable":true,"href":"http:\/\/www.lasaggezzadichirone.org\/site\/wp-json\/wp\/v2\/users\/1"}],"replies":[{"embeddable":true,"href":"http:\/\/www.lasaggezzadichirone.org\/site\/wp-json\/wp\/v2\/comments?post=500"}],"version-history":[{"count":2,"href":"http:\/\/www.lasaggezzadichirone.org\/site\/wp-json\/wp\/v2\/pages\/500\/revisions"}],"predecessor-version":[{"id":502,"href":"http:\/\/www.lasaggezzadichirone.org\/site\/wp-json\/wp\/v2\/pages\/500\/revisions\/502"}],"up":[{"embeddable":true,"href":"http:\/\/www.lasaggezzadichirone.org\/site\/wp-json\/wp\/v2\/pages\/46"}],"wp:attachment":[{"href":"http:\/\/www.lasaggezzadichirone.org\/site\/wp-json\/wp\/v2\/media?parent=500"}],"curies":[{"name":"wp","href":"https:\/\/api.w.org\/{rel}","templated":true}]}}