{"id":463,"date":"2009-05-06T17:02:06","date_gmt":"2009-05-06T16:02:06","guid":{"rendered":"http:\/\/www.lasaggezzadichirone.org\/site\/?page_id=463"},"modified":"2009-05-06T17:02:06","modified_gmt":"2009-05-06T16:02:06","slug":"graptemys-kohni-tartarughe-e-diritti-animali","status":"publish","type":"page","link":"http:\/\/www.lasaggezzadichirone.org\/site\/racconti\/graptemys-kohni-tartarughe-e-diritti-animali\/","title":{"rendered":"Graptemys kohni: tartarughe e diritti animali"},"content":{"rendered":"<p>Sezione: <a href=\"http:\/\/www.lasaggezzadichirone.org\/site\/?page_id=46\">Racconti<\/a><\/p>\n<p><strong>Graptemys kohni: tartarughe e diritti animali<\/strong><\/p>\n<p>Giuliano Sadar<\/p>\n<p>Forse le avrete viste, le \u201cnuove\u201d tartarughe. Ce ne sono tante, nei negozi di animali. Il loro nome \u00e8 Graptemys kohni, o tartaruga carta geografica. Hanno il carapace di color marrone scuro, crestato sulla linea mediale, e sul piastrone inferiore chiaro dei disegni astratti e simmetrici. Come una carta geografica, appunto. Ma ci\u00f2 che colpisce sono gli occhi perfettamente tondi, sbarrati, come terrorizzati. Mescolate a esse, in acquaterrari spesso sovraffollati dietro le vetrine, delle tartarughine verdi dai bei disegni gialli. Simili alle tartarughe dalle orecchie rosse, ovvero le Trachemys scripta elegans, di cui nel 1997 la CEE ha vietato l\u2019importazione. <\/p>\n<p>Cambiano i colori, ma la sostanza non muta. E\u2019 un mercato di esseri che fa gola a tanti, quello delle tartarughe d\u2019acqua. Allevatori nella Louisiana da dove provengono il 95% delle specie, in lobby con le associazioni di cacciatori e tanti agganci al Congresso. E poi importatori europei, mediatori, veterinari compiacenti e negozianti. Tutto legale: il nucleo CITES della Guardia Forestale non pu\u00f2 far nulla per fermare la tratta di queste variet\u00e0 su cui ufficialmente non grava alcuna minaccia di estinzione. E, in quanto non minacciate, non meritevoli di attenzione dai paladini dello specismo. Siamo al paradosso pi\u00f9 assurdo: se qualcuno viene beccato a tenere con s\u00e9 una specie minacciata di estinzione senza averla dichiarata rischia una multa da 15 a 200 milioni e da 3 a 6 mesi di galera. Se uno custodisce animali non inseriti nella lista CITES dei minacciati di estinzione, e per incuria, negligenza, stabulazione insufficiente o altre ragioni li fa morire, pu\u00f2 essere incriminato secondo la legge 727 sul maltrattamento di animali, e rischia dai 2 ai 10 milioni di multa. Semprech\u00e9 il reato di maltrattamento non venga mutato in \u201cmalgoverno\u201d (legge 672) e allora si rischiano pene pecuniarie ancora pi\u00f9 leggere. <\/p>\n<p>In questo squallido panorama dove il libero mercato pi\u00f9 guasto si nasconde dietro la foglia di fico di normative internazionali a libera interpretazione, la vicenda delle Graptemys kohni assume una esemplare paradigmaticit\u00e0. <\/p>\n<p>Se le Trachemys \u201corecchie rosse\u201d, ora bandite dal commercio, erano animali resistenti, e lo hanno dimostrato sopravvivendo in Italia nei canali e negli stagni dove a migliaia sono state gettate da \u201cpadroni\u201d che si erano stufati di esse, le kohni sono una specie assolutamente inadatta all\u2019allevamento \u201cfatto in casa\u201d. Gi\u00e0 minacciate di estinzione negli Stati Uniti stessi, in perenne fuga dall\u2019avanzare di infrastrutture, canalizzazioni attivit\u00e0 di cattura e caccia, sono animali timidissimi, delicati che sopportano male la cattivit\u00e0. In natura, amano per lo pi\u00f9 nuotare sott\u2019acqua e nascondersi nella folta vegetazione, e molto raramente si arrischiano a prendere il sole. Tutte condizioni che un allevamento in cattivit\u00e0 non pu\u00f2 dare. Sono molto sensibili alla sporcizia dell\u2019acqua, e tendono a soffrire infezioni agli occhi, e la loro dieta \u00e8 fatta soprattutto di insetti, molluschi, pesci morti. Hanno quindi bisogno di molto spazio, molto tempo, attenzioni mirate. Cose su cui l\u2019acquirente medio, ingannato dai bei colori e dalle dimensioni ridotte delle tartarughine neonate che trova nei negozi, non ha tempo da perdere. E anche quando l\u2019acquirente ha la buona volont\u00e0 di assicurare all\u2019animale condizioni di vita ragionevoli, spesso non basta. Le kohni, animali a metabolismo lentissimo come tutti i rettili, possono sviluppare malattie anche molti mesi dopo averle contratte. Cos\u00ec che il tasso di mortalit\u00e0 dovuto alle condizioni di trasporto, spesso in condizioni igieniche pessime, non pu\u00f2 essere rilevato con esattezza. Ricadendo poi sulle spalle di chi le compera. <\/p>\n<p>Sono tutti argomenti, questi, che dovrebbero ragionevolmente portare al divieto del commercio internazionale delle Graptemys kohni e di tutte le altre specie di tartarughe, siano minacciate di estinzione o meno. E infatti molte associazioni da anni chiedono il bando di questa tratta insensata. Ma le lobby che spingono a continuare un business tanto lucrativo, sono potentissime. Da questa parte e dall\u2019altra dell\u2019Atlantico. Il denaro ha sempre lo stesso valore. Anche quando puzza di morte. <\/p>\n<p>Giuliano<\/p>\n","protected":false},"excerpt":{"rendered":"<p>Sezione: Racconti Graptemys kohni: tartarughe e diritti animali Giuliano Sadar Forse le avrete viste, le \u201cnuove\u201d tartarughe. Ce ne sono tante, nei negozi di animali. Il loro nome \u00e8 Graptemys kohni, o tartaruga carta geografica. Hanno il carapace di color marrone scuro, crestato sulla linea mediale, e sul piastrone inferiore chiaro dei disegni astratti e &hellip; <a href=\"http:\/\/www.lasaggezzadichirone.org\/site\/racconti\/graptemys-kohni-tartarughe-e-diritti-animali\/\" class=\"more-link\">Continua a leggere <span class=\"screen-reader-text\">Graptemys kohni: tartarughe e diritti animali<\/span><\/a><\/p>\n","protected":false},"author":1,"featured_media":0,"parent":46,"menu_order":0,"comment_status":"open","ping_status":"open","template":"","meta":{"iawp_total_views":1,"footnotes":""},"class_list":["post-463","page","type-page","status-publish","hentry"],"yoast_head":"<!-- This site is optimized with the Yoast SEO plugin v27.5 - https:\/\/yoast.com\/product\/yoast-seo-wordpress\/ -->\n<title>Graptemys kohni: tartarughe e diritti animali - La Saggezza di Chirone<\/title>\n<meta name=\"robots\" content=\"index, follow, max-snippet:-1, max-image-preview:large, max-video-preview:-1\" \/>\n<link rel=\"canonical\" href=\"http:\/\/www.lasaggezzadichirone.org\/site\/racconti\/graptemys-kohni-tartarughe-e-diritti-animali\/\" \/>\n<meta property=\"og:locale\" content=\"it_IT\" \/>\n<meta property=\"og:type\" content=\"article\" \/>\n<meta property=\"og:title\" content=\"Graptemys kohni: tartarughe e diritti animali - La Saggezza di Chirone\" \/>\n<meta property=\"og:description\" content=\"Sezione: Racconti Graptemys kohni: tartarughe e diritti animali Giuliano Sadar Forse le avrete viste, le \u201cnuove\u201d tartarughe. Ce ne sono tante, nei negozi di animali. Il loro nome \u00e8 Graptemys kohni, o tartaruga carta geografica. Hanno il carapace di color marrone scuro, crestato sulla linea mediale, e sul piastrone inferiore chiaro dei disegni astratti e &hellip; Continua a leggere Graptemys kohni: tartarughe e diritti animali\" \/>\n<meta property=\"og:url\" content=\"http:\/\/www.lasaggezzadichirone.org\/site\/racconti\/graptemys-kohni-tartarughe-e-diritti-animali\/\" \/>\n<meta property=\"og:site_name\" content=\"La Saggezza di Chirone\" \/>\n<meta name=\"twitter:card\" content=\"summary_large_image\" \/>\n<meta name=\"twitter:label1\" content=\"Tempo di lettura stimato\" \/>\n\t<meta name=\"twitter:data1\" content=\"3 minuti\" \/>\n<script type=\"application\/ld+json\" class=\"yoast-schema-graph\">{\"@context\":\"https:\\\/\\\/schema.org\",\"@graph\":[{\"@type\":\"WebPage\",\"@id\":\"http:\\\/\\\/www.lasaggezzadichirone.org\\\/site\\\/racconti\\\/graptemys-kohni-tartarughe-e-diritti-animali\\\/\",\"url\":\"http:\\\/\\\/www.lasaggezzadichirone.org\\\/site\\\/racconti\\\/graptemys-kohni-tartarughe-e-diritti-animali\\\/\",\"name\":\"Graptemys kohni: tartarughe e diritti animali - La Saggezza di Chirone\",\"isPartOf\":{\"@id\":\"http:\\\/\\\/www.lasaggezzadichirone.org\\\/site\\\/#website\"},\"datePublished\":\"2009-05-06T16:02:06+00:00\",\"breadcrumb\":{\"@id\":\"http:\\\/\\\/www.lasaggezzadichirone.org\\\/site\\\/racconti\\\/graptemys-kohni-tartarughe-e-diritti-animali\\\/#breadcrumb\"},\"inLanguage\":\"it-IT\",\"potentialAction\":[{\"@type\":\"ReadAction\",\"target\":[\"http:\\\/\\\/www.lasaggezzadichirone.org\\\/site\\\/racconti\\\/graptemys-kohni-tartarughe-e-diritti-animali\\\/\"]}]},{\"@type\":\"BreadcrumbList\",\"@id\":\"http:\\\/\\\/www.lasaggezzadichirone.org\\\/site\\\/racconti\\\/graptemys-kohni-tartarughe-e-diritti-animali\\\/#breadcrumb\",\"itemListElement\":[{\"@type\":\"ListItem\",\"position\":1,\"name\":\"Home\",\"item\":\"http:\\\/\\\/www.lasaggezzadichirone.org\\\/site\\\/\"},{\"@type\":\"ListItem\",\"position\":2,\"name\":\"Racconti\",\"item\":\"http:\\\/\\\/www.lasaggezzadichirone.org\\\/site\\\/racconti\\\/\"},{\"@type\":\"ListItem\",\"position\":3,\"name\":\"Graptemys kohni: tartarughe e diritti animali\"}]},{\"@type\":\"WebSite\",\"@id\":\"http:\\\/\\\/www.lasaggezzadichirone.org\\\/site\\\/#website\",\"url\":\"http:\\\/\\\/www.lasaggezzadichirone.org\\\/site\\\/\",\"name\":\"La Saggezza di Chirone\",\"description\":\"Letteratura, Filosofia, Etica, Poesia e Animali\",\"publisher\":{\"@id\":\"http:\\\/\\\/www.lasaggezzadichirone.org\\\/site\\\/#organization\"},\"potentialAction\":[{\"@type\":\"SearchAction\",\"target\":{\"@type\":\"EntryPoint\",\"urlTemplate\":\"http:\\\/\\\/www.lasaggezzadichirone.org\\\/site\\\/?s={search_term_string}\"},\"query-input\":{\"@type\":\"PropertyValueSpecification\",\"valueRequired\":true,\"valueName\":\"search_term_string\"}}],\"inLanguage\":\"it-IT\"},{\"@type\":\"Organization\",\"@id\":\"http:\\\/\\\/www.lasaggezzadichirone.org\\\/site\\\/#organization\",\"name\":\"La Saggezza di Chirone\",\"url\":\"http:\\\/\\\/www.lasaggezzadichirone.org\\\/site\\\/\",\"logo\":{\"@type\":\"ImageObject\",\"inLanguage\":\"it-IT\",\"@id\":\"http:\\\/\\\/www.lasaggezzadichirone.org\\\/site\\\/#\\\/schema\\\/logo\\\/image\\\/\",\"url\":\"http:\\\/\\\/www.lasaggezzadichirone.org\\\/site\\\/wp-content\\\/uploads\\\/2013\\\/12\\\/chirone2.jpg\",\"contentUrl\":\"http:\\\/\\\/www.lasaggezzadichirone.org\\\/site\\\/wp-content\\\/uploads\\\/2013\\\/12\\\/chirone2.jpg\",\"width\":300,\"height\":248,\"caption\":\"La Saggezza di Chirone\"},\"image\":{\"@id\":\"http:\\\/\\\/www.lasaggezzadichirone.org\\\/site\\\/#\\\/schema\\\/logo\\\/image\\\/\"}}]}<\/script>\n<!-- \/ Yoast SEO plugin. -->","yoast_head_json":{"title":"Graptemys kohni: tartarughe e diritti animali - La Saggezza di Chirone","robots":{"index":"index","follow":"follow","max-snippet":"max-snippet:-1","max-image-preview":"max-image-preview:large","max-video-preview":"max-video-preview:-1"},"canonical":"http:\/\/www.lasaggezzadichirone.org\/site\/racconti\/graptemys-kohni-tartarughe-e-diritti-animali\/","og_locale":"it_IT","og_type":"article","og_title":"Graptemys kohni: tartarughe e diritti animali - La Saggezza di Chirone","og_description":"Sezione: Racconti Graptemys kohni: tartarughe e diritti animali Giuliano Sadar Forse le avrete viste, le \u201cnuove\u201d tartarughe. Ce ne sono tante, nei negozi di animali. Il loro nome \u00e8 Graptemys kohni, o tartaruga carta geografica. Hanno il carapace di color marrone scuro, crestato sulla linea mediale, e sul piastrone inferiore chiaro dei disegni astratti e &hellip; Continua a leggere Graptemys kohni: tartarughe e diritti animali","og_url":"http:\/\/www.lasaggezzadichirone.org\/site\/racconti\/graptemys-kohni-tartarughe-e-diritti-animali\/","og_site_name":"La Saggezza di Chirone","twitter_card":"summary_large_image","twitter_misc":{"Tempo di lettura stimato":"3 minuti"},"schema":{"@context":"https:\/\/schema.org","@graph":[{"@type":"WebPage","@id":"http:\/\/www.lasaggezzadichirone.org\/site\/racconti\/graptemys-kohni-tartarughe-e-diritti-animali\/","url":"http:\/\/www.lasaggezzadichirone.org\/site\/racconti\/graptemys-kohni-tartarughe-e-diritti-animali\/","name":"Graptemys kohni: tartarughe e diritti animali - La Saggezza di Chirone","isPartOf":{"@id":"http:\/\/www.lasaggezzadichirone.org\/site\/#website"},"datePublished":"2009-05-06T16:02:06+00:00","breadcrumb":{"@id":"http:\/\/www.lasaggezzadichirone.org\/site\/racconti\/graptemys-kohni-tartarughe-e-diritti-animali\/#breadcrumb"},"inLanguage":"it-IT","potentialAction":[{"@type":"ReadAction","target":["http:\/\/www.lasaggezzadichirone.org\/site\/racconti\/graptemys-kohni-tartarughe-e-diritti-animali\/"]}]},{"@type":"BreadcrumbList","@id":"http:\/\/www.lasaggezzadichirone.org\/site\/racconti\/graptemys-kohni-tartarughe-e-diritti-animali\/#breadcrumb","itemListElement":[{"@type":"ListItem","position":1,"name":"Home","item":"http:\/\/www.lasaggezzadichirone.org\/site\/"},{"@type":"ListItem","position":2,"name":"Racconti","item":"http:\/\/www.lasaggezzadichirone.org\/site\/racconti\/"},{"@type":"ListItem","position":3,"name":"Graptemys kohni: tartarughe e diritti animali"}]},{"@type":"WebSite","@id":"http:\/\/www.lasaggezzadichirone.org\/site\/#website","url":"http:\/\/www.lasaggezzadichirone.org\/site\/","name":"La Saggezza di Chirone","description":"Letteratura, Filosofia, Etica, Poesia e Animali","publisher":{"@id":"http:\/\/www.lasaggezzadichirone.org\/site\/#organization"},"potentialAction":[{"@type":"SearchAction","target":{"@type":"EntryPoint","urlTemplate":"http:\/\/www.lasaggezzadichirone.org\/site\/?s={search_term_string}"},"query-input":{"@type":"PropertyValueSpecification","valueRequired":true,"valueName":"search_term_string"}}],"inLanguage":"it-IT"},{"@type":"Organization","@id":"http:\/\/www.lasaggezzadichirone.org\/site\/#organization","name":"La Saggezza di Chirone","url":"http:\/\/www.lasaggezzadichirone.org\/site\/","logo":{"@type":"ImageObject","inLanguage":"it-IT","@id":"http:\/\/www.lasaggezzadichirone.org\/site\/#\/schema\/logo\/image\/","url":"http:\/\/www.lasaggezzadichirone.org\/site\/wp-content\/uploads\/2013\/12\/chirone2.jpg","contentUrl":"http:\/\/www.lasaggezzadichirone.org\/site\/wp-content\/uploads\/2013\/12\/chirone2.jpg","width":300,"height":248,"caption":"La Saggezza di Chirone"},"image":{"@id":"http:\/\/www.lasaggezzadichirone.org\/site\/#\/schema\/logo\/image\/"}}]}},"_links":{"self":[{"href":"http:\/\/www.lasaggezzadichirone.org\/site\/wp-json\/wp\/v2\/pages\/463","targetHints":{"allow":["GET"]}}],"collection":[{"href":"http:\/\/www.lasaggezzadichirone.org\/site\/wp-json\/wp\/v2\/pages"}],"about":[{"href":"http:\/\/www.lasaggezzadichirone.org\/site\/wp-json\/wp\/v2\/types\/page"}],"author":[{"embeddable":true,"href":"http:\/\/www.lasaggezzadichirone.org\/site\/wp-json\/wp\/v2\/users\/1"}],"replies":[{"embeddable":true,"href":"http:\/\/www.lasaggezzadichirone.org\/site\/wp-json\/wp\/v2\/comments?post=463"}],"version-history":[{"count":1,"href":"http:\/\/www.lasaggezzadichirone.org\/site\/wp-json\/wp\/v2\/pages\/463\/revisions"}],"predecessor-version":[{"id":464,"href":"http:\/\/www.lasaggezzadichirone.org\/site\/wp-json\/wp\/v2\/pages\/463\/revisions\/464"}],"up":[{"embeddable":true,"href":"http:\/\/www.lasaggezzadichirone.org\/site\/wp-json\/wp\/v2\/pages\/46"}],"wp:attachment":[{"href":"http:\/\/www.lasaggezzadichirone.org\/site\/wp-json\/wp\/v2\/media?parent=463"}],"curies":[{"name":"wp","href":"https:\/\/api.w.org\/{rel}","templated":true}]}}