{"id":461,"date":"2009-05-06T17:01:27","date_gmt":"2009-05-06T16:01:27","guid":{"rendered":"http:\/\/www.lasaggezzadichirone.org\/site\/?page_id=461"},"modified":"2009-05-06T17:01:27","modified_gmt":"2009-05-06T16:01:27","slug":"caccia-e-ripopolamento-la-storia-dei-fagiani-liberati","status":"publish","type":"page","link":"http:\/\/www.lasaggezzadichirone.org\/site\/racconti\/caccia-e-ripopolamento-la-storia-dei-fagiani-liberati\/","title":{"rendered":"Caccia e ripopolamento: la storia dei fagiani liberati"},"content":{"rendered":"<p>Sezione: <a href=\"http:\/\/www.lasaggezzadichirone.org\/site\/?page_id=46\">Racconti<\/a><\/p>\n<p><strong>Caccia e ripopolamento: la storia dei fagiani liberati<\/strong><\/p>\n<p>Giuliano Sadar <\/p>\n<p>Ripopolamento. Bella parola. Riecheggia una voglia virtuosa e a volte un po\u2019 ingenua di rispetto dell\u2019ambiente. Una voglia di recupero della \u201cnatura\u201d alle condizioni precedenti i danni operati dell\u2019uomo. Anche con i fagiani cosiddetti \u201cpronta caccia\u201d si ripopola l\u2019ambiente. Per una notte o qualche ora di pi\u00f9. <\/p>\n<p>Si tratta di animali fra i pi\u00f9 disgraziati, schiavi della libidine venatoria dell\u2019uomo, tirati su in batteria in allevamento per venire liberati e finire impallinati da qualche cacciatore della domenica. Caccia facile, rasoterra, roba da tiro al bersaglio al luna park. Perch\u00e9 i fagiani nati in cattivit\u00e0, abituati in gabbia, ai mangimi, quindi inadatti alla vita selvatica e alla ricerca autonoma del cibo, finiscono subito preda di volpi e altri animali selvatici. Spesso gi\u00e0 la prima notte: questi poveri animali appena liberati non dormono sugli alberi come fanno per istinto i loro \u201ccugini\u201d selvatici. Perch\u00e9 gli alberi non sanno cosa sono. Rimangono quindi a terra e almeno il 50 per cento rimane vittima di stenti o di altri animali. Solo nel Friuli-Venezia Giulia vengono \u201cprodotti\u201d e \u201cliberati\u201d 250.000 fagiani pronta caccia l\u2019anno. Un giro d\u2019affari che, riferito solo alla vendita, nella regione dell\u2019estremo Nordest sfiora i 4 miliardi. Un fagiano d\u2019allevamento viene infatti venduto a un prezzo che oscilla fra le 12 e le 15.000 lire. Secondo la legge regionale n. 30, la liberazione \u00e8 vietata dalla terza settimana di settembre al 31 gennaio. Ci\u00f2 per dare la teorica possibilit\u00e0 agli animali sopravissuti di inserirsi nella vita selvatica per poter poi affrontare i cacciatori a condizioni di maggior \u201cparit\u00e0\u201d. Questo per\u00f2 avviene solo in parte, perch\u00e9 il divieto vale solo per quelle che il linguaggio burocratico chiama \u201caziende faunistico venatorie\u201d, in pratica le riserve di caccia private, senza scopo di lucro. Il divieto non vale invece per le \u201caziende agri-turistico venatorie\u201d, dove la caccia \u00e8 permessa sempre, a pagamento. I fagiani, nel passato specie autoctona del Friuli-Venezia Giulia, sono quindi involontari protagonisti di un ripopolamento di massa, pratica ben diversa dalla gradualit\u00e0 con cui dovrebbero venir gestiti questi processi, che si ripete invariata e abortita ogni anno. <\/p>\n<p>Una pratica che sopravvive fra i meandri della legge 157\/92 che consente la caccia \u201cpurch\u00e9 non contrasti con l\u2019esigenza di conservazione della fauna selvatica\u201d. Una pratica che viene accettata da molti protezionisti, preoccupati pi\u00f9 della conservazione \u201cmeccanica\u201d della specie che dei risvolti etici del rapporto uomo-animale. <\/p>\n<p>Sarebbe tutto qui, e sarebbe gi\u00e0 abbastanza. Se un\u2019altra polemica questa primavera non avesse avvelenato in Friuli-Venezia Giulia il rapporto fra allevatori di fagiani e cacciatori. Questi ultimi hanno infatti accusato gli allevatori di produrre fagiani inquinanti. Animali che verrebbero allevati a suon di antibiotici, additivi chimici e antidepressivi nei mangimi, ripetendo i peggiori protocolli degli allevamenti intensivi. E che in ogni caso verrebbero \u201cliberati\u201d troppo presto, ben prima dei previsti quindici giorni di \u201castinenza\u201d dai prodotti chimici che farebbero loro smaltire le schifezze con cui sarebbero stati rimpinzati nel loro primo (e ultimo) periodo di vita. Fagiani deboli e ammalati, pieni di robaccia, abbandonati in quell\u2019inferno sconosciuto che \u00e8 per loro l\u2019ambiente naturale, che diventerebbero in questo modo inconsapevoli e pericolosi \u201cuntori\u201d dell\u2019ambiente, e cibo inquinante per i predatori e anche per l\u2019uomo stesso. <\/p>\n<p>La polemica ha avuto un botta e risposta sul Gazzettino di Venezia: \u201cI nostri fagiani sono sicuri e di qualit\u00e0\u201d, hanno replicato gli allevatori della regione, assicurando di allevare gli animali con metodi e mangimi naturali, e lamentandosi di non poter programmare la propria attivit\u00e0 dato il veloce mutamento delle leggi venatorie. <\/p>\n<p>Chi ha ragione? Chiss\u00e0. Di sicuro hanno torto i fagiani. Anzi, i fagiani \u201cpronta caccia\u201d. Soprannominati cos\u00ec dagli uomini. <\/p>\n<p>Giuliano<\/p>\n","protected":false},"excerpt":{"rendered":"<p>Sezione: Racconti Caccia e ripopolamento: la storia dei fagiani liberati Giuliano Sadar Ripopolamento. Bella parola. Riecheggia una voglia virtuosa e a volte un po\u2019 ingenua di rispetto dell\u2019ambiente. Una voglia di recupero della \u201cnatura\u201d alle condizioni precedenti i danni operati dell\u2019uomo. Anche con i fagiani cosiddetti \u201cpronta caccia\u201d si ripopola l\u2019ambiente. Per una notte o &hellip; <a href=\"http:\/\/www.lasaggezzadichirone.org\/site\/racconti\/caccia-e-ripopolamento-la-storia-dei-fagiani-liberati\/\" class=\"more-link\">Continua a leggere <span class=\"screen-reader-text\">Caccia e ripopolamento: la storia dei fagiani liberati<\/span><\/a><\/p>\n","protected":false},"author":1,"featured_media":0,"parent":46,"menu_order":0,"comment_status":"open","ping_status":"open","template":"","meta":{"iawp_total_views":20,"footnotes":""},"class_list":["post-461","page","type-page","status-publish","hentry"],"yoast_head":"<!-- This site is optimized with the Yoast SEO plugin v27.5 - https:\/\/yoast.com\/product\/yoast-seo-wordpress\/ -->\n<title>Caccia e ripopolamento: la storia dei fagiani liberati - La Saggezza di Chirone<\/title>\n<meta name=\"robots\" content=\"index, follow, max-snippet:-1, max-image-preview:large, max-video-preview:-1\" \/>\n<link rel=\"canonical\" href=\"http:\/\/www.lasaggezzadichirone.org\/site\/racconti\/caccia-e-ripopolamento-la-storia-dei-fagiani-liberati\/\" \/>\n<meta property=\"og:locale\" content=\"it_IT\" \/>\n<meta property=\"og:type\" content=\"article\" \/>\n<meta property=\"og:title\" content=\"Caccia e ripopolamento: la storia dei fagiani liberati - La Saggezza di Chirone\" \/>\n<meta property=\"og:description\" content=\"Sezione: Racconti Caccia e ripopolamento: la storia dei fagiani liberati Giuliano Sadar Ripopolamento. Bella parola. Riecheggia una voglia virtuosa e a volte un po\u2019 ingenua di rispetto dell\u2019ambiente. Una voglia di recupero della \u201cnatura\u201d alle condizioni precedenti i danni operati dell\u2019uomo. Anche con i fagiani cosiddetti \u201cpronta caccia\u201d si ripopola l\u2019ambiente. Per una notte o &hellip; Continua a leggere Caccia e ripopolamento: la storia dei fagiani liberati\" \/>\n<meta property=\"og:url\" content=\"http:\/\/www.lasaggezzadichirone.org\/site\/racconti\/caccia-e-ripopolamento-la-storia-dei-fagiani-liberati\/\" \/>\n<meta property=\"og:site_name\" content=\"La Saggezza di Chirone\" \/>\n<meta name=\"twitter:card\" content=\"summary_large_image\" \/>\n<meta name=\"twitter:label1\" content=\"Tempo di lettura stimato\" \/>\n\t<meta name=\"twitter:data1\" content=\"3 minuti\" \/>\n<script type=\"application\/ld+json\" class=\"yoast-schema-graph\">{\"@context\":\"https:\\\/\\\/schema.org\",\"@graph\":[{\"@type\":\"WebPage\",\"@id\":\"http:\\\/\\\/www.lasaggezzadichirone.org\\\/site\\\/racconti\\\/caccia-e-ripopolamento-la-storia-dei-fagiani-liberati\\\/\",\"url\":\"http:\\\/\\\/www.lasaggezzadichirone.org\\\/site\\\/racconti\\\/caccia-e-ripopolamento-la-storia-dei-fagiani-liberati\\\/\",\"name\":\"Caccia e ripopolamento: la storia dei fagiani liberati - La Saggezza di Chirone\",\"isPartOf\":{\"@id\":\"http:\\\/\\\/www.lasaggezzadichirone.org\\\/site\\\/#website\"},\"datePublished\":\"2009-05-06T16:01:27+00:00\",\"breadcrumb\":{\"@id\":\"http:\\\/\\\/www.lasaggezzadichirone.org\\\/site\\\/racconti\\\/caccia-e-ripopolamento-la-storia-dei-fagiani-liberati\\\/#breadcrumb\"},\"inLanguage\":\"it-IT\",\"potentialAction\":[{\"@type\":\"ReadAction\",\"target\":[\"http:\\\/\\\/www.lasaggezzadichirone.org\\\/site\\\/racconti\\\/caccia-e-ripopolamento-la-storia-dei-fagiani-liberati\\\/\"]}]},{\"@type\":\"BreadcrumbList\",\"@id\":\"http:\\\/\\\/www.lasaggezzadichirone.org\\\/site\\\/racconti\\\/caccia-e-ripopolamento-la-storia-dei-fagiani-liberati\\\/#breadcrumb\",\"itemListElement\":[{\"@type\":\"ListItem\",\"position\":1,\"name\":\"Home\",\"item\":\"http:\\\/\\\/www.lasaggezzadichirone.org\\\/site\\\/\"},{\"@type\":\"ListItem\",\"position\":2,\"name\":\"Racconti\",\"item\":\"http:\\\/\\\/www.lasaggezzadichirone.org\\\/site\\\/racconti\\\/\"},{\"@type\":\"ListItem\",\"position\":3,\"name\":\"Caccia e ripopolamento: la storia dei fagiani liberati\"}]},{\"@type\":\"WebSite\",\"@id\":\"http:\\\/\\\/www.lasaggezzadichirone.org\\\/site\\\/#website\",\"url\":\"http:\\\/\\\/www.lasaggezzadichirone.org\\\/site\\\/\",\"name\":\"La Saggezza di Chirone\",\"description\":\"Letteratura, Filosofia, Etica, Poesia e Animali\",\"publisher\":{\"@id\":\"http:\\\/\\\/www.lasaggezzadichirone.org\\\/site\\\/#organization\"},\"potentialAction\":[{\"@type\":\"SearchAction\",\"target\":{\"@type\":\"EntryPoint\",\"urlTemplate\":\"http:\\\/\\\/www.lasaggezzadichirone.org\\\/site\\\/?s={search_term_string}\"},\"query-input\":{\"@type\":\"PropertyValueSpecification\",\"valueRequired\":true,\"valueName\":\"search_term_string\"}}],\"inLanguage\":\"it-IT\"},{\"@type\":\"Organization\",\"@id\":\"http:\\\/\\\/www.lasaggezzadichirone.org\\\/site\\\/#organization\",\"name\":\"La Saggezza di Chirone\",\"url\":\"http:\\\/\\\/www.lasaggezzadichirone.org\\\/site\\\/\",\"logo\":{\"@type\":\"ImageObject\",\"inLanguage\":\"it-IT\",\"@id\":\"http:\\\/\\\/www.lasaggezzadichirone.org\\\/site\\\/#\\\/schema\\\/logo\\\/image\\\/\",\"url\":\"http:\\\/\\\/www.lasaggezzadichirone.org\\\/site\\\/wp-content\\\/uploads\\\/2013\\\/12\\\/chirone2.jpg\",\"contentUrl\":\"http:\\\/\\\/www.lasaggezzadichirone.org\\\/site\\\/wp-content\\\/uploads\\\/2013\\\/12\\\/chirone2.jpg\",\"width\":300,\"height\":248,\"caption\":\"La Saggezza di Chirone\"},\"image\":{\"@id\":\"http:\\\/\\\/www.lasaggezzadichirone.org\\\/site\\\/#\\\/schema\\\/logo\\\/image\\\/\"}}]}<\/script>\n<!-- \/ Yoast SEO plugin. -->","yoast_head_json":{"title":"Caccia e ripopolamento: la storia dei fagiani liberati - La Saggezza di Chirone","robots":{"index":"index","follow":"follow","max-snippet":"max-snippet:-1","max-image-preview":"max-image-preview:large","max-video-preview":"max-video-preview:-1"},"canonical":"http:\/\/www.lasaggezzadichirone.org\/site\/racconti\/caccia-e-ripopolamento-la-storia-dei-fagiani-liberati\/","og_locale":"it_IT","og_type":"article","og_title":"Caccia e ripopolamento: la storia dei fagiani liberati - La Saggezza di Chirone","og_description":"Sezione: Racconti Caccia e ripopolamento: la storia dei fagiani liberati Giuliano Sadar Ripopolamento. Bella parola. Riecheggia una voglia virtuosa e a volte un po\u2019 ingenua di rispetto dell\u2019ambiente. Una voglia di recupero della \u201cnatura\u201d alle condizioni precedenti i danni operati dell\u2019uomo. Anche con i fagiani cosiddetti \u201cpronta caccia\u201d si ripopola l\u2019ambiente. Per una notte o &hellip; Continua a leggere Caccia e ripopolamento: la storia dei fagiani liberati","og_url":"http:\/\/www.lasaggezzadichirone.org\/site\/racconti\/caccia-e-ripopolamento-la-storia-dei-fagiani-liberati\/","og_site_name":"La Saggezza di Chirone","twitter_card":"summary_large_image","twitter_misc":{"Tempo di lettura stimato":"3 minuti"},"schema":{"@context":"https:\/\/schema.org","@graph":[{"@type":"WebPage","@id":"http:\/\/www.lasaggezzadichirone.org\/site\/racconti\/caccia-e-ripopolamento-la-storia-dei-fagiani-liberati\/","url":"http:\/\/www.lasaggezzadichirone.org\/site\/racconti\/caccia-e-ripopolamento-la-storia-dei-fagiani-liberati\/","name":"Caccia e ripopolamento: la storia dei fagiani liberati - La Saggezza di Chirone","isPartOf":{"@id":"http:\/\/www.lasaggezzadichirone.org\/site\/#website"},"datePublished":"2009-05-06T16:01:27+00:00","breadcrumb":{"@id":"http:\/\/www.lasaggezzadichirone.org\/site\/racconti\/caccia-e-ripopolamento-la-storia-dei-fagiani-liberati\/#breadcrumb"},"inLanguage":"it-IT","potentialAction":[{"@type":"ReadAction","target":["http:\/\/www.lasaggezzadichirone.org\/site\/racconti\/caccia-e-ripopolamento-la-storia-dei-fagiani-liberati\/"]}]},{"@type":"BreadcrumbList","@id":"http:\/\/www.lasaggezzadichirone.org\/site\/racconti\/caccia-e-ripopolamento-la-storia-dei-fagiani-liberati\/#breadcrumb","itemListElement":[{"@type":"ListItem","position":1,"name":"Home","item":"http:\/\/www.lasaggezzadichirone.org\/site\/"},{"@type":"ListItem","position":2,"name":"Racconti","item":"http:\/\/www.lasaggezzadichirone.org\/site\/racconti\/"},{"@type":"ListItem","position":3,"name":"Caccia e ripopolamento: la storia dei fagiani liberati"}]},{"@type":"WebSite","@id":"http:\/\/www.lasaggezzadichirone.org\/site\/#website","url":"http:\/\/www.lasaggezzadichirone.org\/site\/","name":"La Saggezza di Chirone","description":"Letteratura, Filosofia, Etica, Poesia e Animali","publisher":{"@id":"http:\/\/www.lasaggezzadichirone.org\/site\/#organization"},"potentialAction":[{"@type":"SearchAction","target":{"@type":"EntryPoint","urlTemplate":"http:\/\/www.lasaggezzadichirone.org\/site\/?s={search_term_string}"},"query-input":{"@type":"PropertyValueSpecification","valueRequired":true,"valueName":"search_term_string"}}],"inLanguage":"it-IT"},{"@type":"Organization","@id":"http:\/\/www.lasaggezzadichirone.org\/site\/#organization","name":"La Saggezza di Chirone","url":"http:\/\/www.lasaggezzadichirone.org\/site\/","logo":{"@type":"ImageObject","inLanguage":"it-IT","@id":"http:\/\/www.lasaggezzadichirone.org\/site\/#\/schema\/logo\/image\/","url":"http:\/\/www.lasaggezzadichirone.org\/site\/wp-content\/uploads\/2013\/12\/chirone2.jpg","contentUrl":"http:\/\/www.lasaggezzadichirone.org\/site\/wp-content\/uploads\/2013\/12\/chirone2.jpg","width":300,"height":248,"caption":"La Saggezza di Chirone"},"image":{"@id":"http:\/\/www.lasaggezzadichirone.org\/site\/#\/schema\/logo\/image\/"}}]}},"_links":{"self":[{"href":"http:\/\/www.lasaggezzadichirone.org\/site\/wp-json\/wp\/v2\/pages\/461","targetHints":{"allow":["GET"]}}],"collection":[{"href":"http:\/\/www.lasaggezzadichirone.org\/site\/wp-json\/wp\/v2\/pages"}],"about":[{"href":"http:\/\/www.lasaggezzadichirone.org\/site\/wp-json\/wp\/v2\/types\/page"}],"author":[{"embeddable":true,"href":"http:\/\/www.lasaggezzadichirone.org\/site\/wp-json\/wp\/v2\/users\/1"}],"replies":[{"embeddable":true,"href":"http:\/\/www.lasaggezzadichirone.org\/site\/wp-json\/wp\/v2\/comments?post=461"}],"version-history":[{"count":1,"href":"http:\/\/www.lasaggezzadichirone.org\/site\/wp-json\/wp\/v2\/pages\/461\/revisions"}],"predecessor-version":[{"id":462,"href":"http:\/\/www.lasaggezzadichirone.org\/site\/wp-json\/wp\/v2\/pages\/461\/revisions\/462"}],"up":[{"embeddable":true,"href":"http:\/\/www.lasaggezzadichirone.org\/site\/wp-json\/wp\/v2\/pages\/46"}],"wp:attachment":[{"href":"http:\/\/www.lasaggezzadichirone.org\/site\/wp-json\/wp\/v2\/media?parent=461"}],"curies":[{"name":"wp","href":"https:\/\/api.w.org\/{rel}","templated":true}]}}