{"id":4,"date":"2009-02-02T15:43:37","date_gmt":"2009-02-02T14:43:37","guid":{"rendered":"http:\/\/www.lasaggezzadichirone.org\/site\/?page_id=4"},"modified":"2024-03-06T11:21:00","modified_gmt":"2024-03-06T10:21:00","slug":"invito","status":"publish","type":"page","link":"http:\/\/www.lasaggezzadichirone.org\/site\/invito\/","title":{"rendered":"Invito"},"content":{"rendered":"<p><img loading=\"lazy\" decoding=\"async\" class=\"aligncenter wp-image-2140 size-medium\" src=\"http:\/\/www.lasaggezzadichirone.org\/site\/wp-content\/uploads\/2024\/02\/Chiron._Etching._Wellcome_V0035833-217x300.jpg\" alt=\"\" width=\"217\" height=\"300\" \/><\/p>\n<p style=\"text-align: center;\">Questo \u00e8 un sito web aperto a tutti coloro che vogliono<br \/>\ndare un contributo in difesa del non umano.<br \/>\nQualsiasi intervento sar\u00e0 pubblicato senza censure<br \/>\ne sar\u00e0 ben accetto.<br \/>\n<em>La Saggezza di Chirone<\/em> \u00e8 un progetto di <strong>Paolo Ricci<\/strong>.<\/p>\n<p style=\"text-align: center;\"><strong>Informazioni: <\/strong>si invita il pubblico a <a href=\"http:\/\/www.lasaggezzadichirone.org\/site\/contatti\/\">commentare via email i testi proposti<\/a>.<br \/>\nI commenti saranno inviati a chi gestisce il sito web che provveder\u00e0 a pubblicarli.<\/p>\n","protected":false},"excerpt":{"rendered":"<p>Questo \u00e8 un sito web aperto a tutti coloro che vogliono dare un contributo in difesa del non umano. Qualsiasi intervento sar\u00e0 pubblicato senza censure e sar\u00e0 ben accetto. La Saggezza di Chirone \u00e8 un progetto di Paolo Ricci. Informazioni: si invita il pubblico a commentare via email i testi proposti. I commenti saranno inviati &hellip; <a href=\"http:\/\/www.lasaggezzadichirone.org\/site\/invito\/\" class=\"more-link\">Continua a leggere <span class=\"screen-reader-text\">Invito<\/span><\/a><\/p>\n","protected":false},"author":1,"featured_media":0,"parent":0,"menu_order":0,"comment_status":"closed","ping_status":"closed","template":"","meta":{"iawp_total_views":10,"footnotes":""},"class_list":["post-4","page","type-page","status-publish","hentry"],"yoast_head":"<!-- This site is optimized with the Yoast SEO plugin v27.5 - https:\/\/yoast.com\/product\/yoast-seo-wordpress\/ -->\n<title>Invito - La Saggezza di Chirone<\/title>\n<meta name=\"robots\" content=\"index, follow, max-snippet:-1, max-image-preview:large, max-video-preview:-1\" \/>\n<link rel=\"canonical\" href=\"http:\/\/www.lasaggezzadichirone.org\/site\/invito\/\" \/>\n<meta property=\"og:locale\" content=\"it_IT\" \/>\n<meta property=\"og:type\" content=\"article\" \/>\n<meta property=\"og:title\" content=\"Invito - La Saggezza di Chirone\" \/>\n<meta property=\"og:description\" content=\"Questo \u00e8 un sito web aperto a tutti coloro che vogliono dare un contributo in difesa del non umano. Qualsiasi intervento sar\u00e0 pubblicato senza censure e sar\u00e0 ben accetto. La Saggezza di Chirone \u00e8 un progetto di Paolo Ricci. Informazioni: si invita il pubblico a commentare via email i testi proposti. I commenti saranno inviati &hellip; Continua a leggere Invito\" \/>\n<meta property=\"og:url\" content=\"http:\/\/www.lasaggezzadichirone.org\/site\/invito\/\" \/>\n<meta property=\"og:site_name\" content=\"La Saggezza di Chirone\" \/>\n<meta property=\"article:modified_time\" content=\"2024-03-06T10:21:00+00:00\" \/>\n<meta property=\"og:image\" content=\"http:\/\/www.lasaggezzadichirone.org\/site\/wp-content\/uploads\/2024\/02\/Chiron._Etching._Wellcome_V0035833-217x300.jpg\" \/>\n<meta name=\"twitter:card\" content=\"summary_large_image\" \/>\n<meta name=\"twitter:label1\" content=\"Tempo di lettura stimato\" \/>\n\t<meta name=\"twitter:data1\" content=\"1 minuto\" \/>\n<script type=\"application\/ld+json\" class=\"yoast-schema-graph\">{\"@context\":\"https:\\\/\\\/schema.org\",\"@graph\":[{\"@type\":\"WebPage\",\"@id\":\"http:\\\/\\\/www.lasaggezzadichirone.org\\\/site\\\/invito\\\/\",\"url\":\"http:\\\/\\\/www.lasaggezzadichirone.org\\\/site\\\/invito\\\/\",\"name\":\"Invito - La Saggezza di Chirone\",\"isPartOf\":{\"@id\":\"http:\\\/\\\/www.lasaggezzadichirone.org\\\/site\\\/#website\"},\"primaryImageOfPage\":{\"@id\":\"http:\\\/\\\/www.lasaggezzadichirone.org\\\/site\\\/invito\\\/#primaryimage\"},\"image\":{\"@id\":\"http:\\\/\\\/www.lasaggezzadichirone.org\\\/site\\\/invito\\\/#primaryimage\"},\"thumbnailUrl\":\"http:\\\/\\\/www.lasaggezzadichirone.org\\\/site\\\/wp-content\\\/uploads\\\/2024\\\/02\\\/Chiron._Etching._Wellcome_V0035833-217x300.jpg\",\"datePublished\":\"2009-02-02T14:43:37+00:00\",\"dateModified\":\"2024-03-06T10:21:00+00:00\",\"breadcrumb\":{\"@id\":\"http:\\\/\\\/www.lasaggezzadichirone.org\\\/site\\\/invito\\\/#breadcrumb\"},\"inLanguage\":\"it-IT\",\"potentialAction\":[{\"@type\":\"ReadAction\",\"target\":[\"http:\\\/\\\/www.lasaggezzadichirone.org\\\/site\\\/invito\\\/\"]}]},{\"@type\":\"ImageObject\",\"inLanguage\":\"it-IT\",\"@id\":\"http:\\\/\\\/www.lasaggezzadichirone.org\\\/site\\\/invito\\\/#primaryimage\",\"url\":\"http:\\\/\\\/www.lasaggezzadichirone.org\\\/site\\\/wp-content\\\/uploads\\\/2024\\\/02\\\/Chiron._Etching._Wellcome_V0035833-217x300.jpg\",\"contentUrl\":\"http:\\\/\\\/www.lasaggezzadichirone.org\\\/site\\\/wp-content\\\/uploads\\\/2024\\\/02\\\/Chiron._Etching._Wellcome_V0035833-217x300.jpg\"},{\"@type\":\"BreadcrumbList\",\"@id\":\"http:\\\/\\\/www.lasaggezzadichirone.org\\\/site\\\/invito\\\/#breadcrumb\",\"itemListElement\":[{\"@type\":\"ListItem\",\"position\":1,\"name\":\"Home\",\"item\":\"http:\\\/\\\/www.lasaggezzadichirone.org\\\/site\\\/\"},{\"@type\":\"ListItem\",\"position\":2,\"name\":\"Invito\"}]},{\"@type\":\"WebSite\",\"@id\":\"http:\\\/\\\/www.lasaggezzadichirone.org\\\/site\\\/#website\",\"url\":\"http:\\\/\\\/www.lasaggezzadichirone.org\\\/site\\\/\",\"name\":\"La Saggezza di Chirone\",\"description\":\"Letteratura, Filosofia, Etica, Poesia e Animali\",\"publisher\":{\"@id\":\"http:\\\/\\\/www.lasaggezzadichirone.org\\\/site\\\/#organization\"},\"potentialAction\":[{\"@type\":\"SearchAction\",\"target\":{\"@type\":\"EntryPoint\",\"urlTemplate\":\"http:\\\/\\\/www.lasaggezzadichirone.org\\\/site\\\/?s={search_term_string}\"},\"query-input\":{\"@type\":\"PropertyValueSpecification\",\"valueRequired\":true,\"valueName\":\"search_term_string\"}}],\"inLanguage\":\"it-IT\"},{\"@type\":\"Organization\",\"@id\":\"http:\\\/\\\/www.lasaggezzadichirone.org\\\/site\\\/#organization\",\"name\":\"La Saggezza di Chirone\",\"url\":\"http:\\\/\\\/www.lasaggezzadichirone.org\\\/site\\\/\",\"logo\":{\"@type\":\"ImageObject\",\"inLanguage\":\"it-IT\",\"@id\":\"http:\\\/\\\/www.lasaggezzadichirone.org\\\/site\\\/#\\\/schema\\\/logo\\\/image\\\/\",\"url\":\"http:\\\/\\\/www.lasaggezzadichirone.org\\\/site\\\/wp-content\\\/uploads\\\/2013\\\/12\\\/chirone2.jpg\",\"contentUrl\":\"http:\\\/\\\/www.lasaggezzadichirone.org\\\/site\\\/wp-content\\\/uploads\\\/2013\\\/12\\\/chirone2.jpg\",\"width\":300,\"height\":248,\"caption\":\"La Saggezza di Chirone\"},\"image\":{\"@id\":\"http:\\\/\\\/www.lasaggezzadichirone.org\\\/site\\\/#\\\/schema\\\/logo\\\/image\\\/\"}}]}<\/script>\n<!-- \/ Yoast SEO plugin. -->","yoast_head_json":{"title":"Invito - La Saggezza di Chirone","robots":{"index":"index","follow":"follow","max-snippet":"max-snippet:-1","max-image-preview":"max-image-preview:large","max-video-preview":"max-video-preview:-1"},"canonical":"http:\/\/www.lasaggezzadichirone.org\/site\/invito\/","og_locale":"it_IT","og_type":"article","og_title":"Invito - La Saggezza di Chirone","og_description":"Questo \u00e8 un sito web aperto a tutti coloro che vogliono dare un contributo in difesa del non umano. Qualsiasi intervento sar\u00e0 pubblicato senza censure e sar\u00e0 ben accetto. La Saggezza di Chirone \u00e8 un progetto di Paolo Ricci. Informazioni: si invita il pubblico a commentare via email i testi proposti. I commenti saranno inviati &hellip; Continua a leggere Invito","og_url":"http:\/\/www.lasaggezzadichirone.org\/site\/invito\/","og_site_name":"La Saggezza di Chirone","article_modified_time":"2024-03-06T10:21:00+00:00","og_image":[{"url":"http:\/\/www.lasaggezzadichirone.org\/site\/wp-content\/uploads\/2024\/02\/Chiron._Etching._Wellcome_V0035833-217x300.jpg","type":"","width":"","height":""}],"twitter_card":"summary_large_image","twitter_misc":{"Tempo di lettura stimato":"1 minuto"},"schema":{"@context":"https:\/\/schema.org","@graph":[{"@type":"WebPage","@id":"http:\/\/www.lasaggezzadichirone.org\/site\/invito\/","url":"http:\/\/www.lasaggezzadichirone.org\/site\/invito\/","name":"Invito - La Saggezza di Chirone","isPartOf":{"@id":"http:\/\/www.lasaggezzadichirone.org\/site\/#website"},"primaryImageOfPage":{"@id":"http:\/\/www.lasaggezzadichirone.org\/site\/invito\/#primaryimage"},"image":{"@id":"http:\/\/www.lasaggezzadichirone.org\/site\/invito\/#primaryimage"},"thumbnailUrl":"http:\/\/www.lasaggezzadichirone.org\/site\/wp-content\/uploads\/2024\/02\/Chiron._Etching._Wellcome_V0035833-217x300.jpg","datePublished":"2009-02-02T14:43:37+00:00","dateModified":"2024-03-06T10:21:00+00:00","breadcrumb":{"@id":"http:\/\/www.lasaggezzadichirone.org\/site\/invito\/#breadcrumb"},"inLanguage":"it-IT","potentialAction":[{"@type":"ReadAction","target":["http:\/\/www.lasaggezzadichirone.org\/site\/invito\/"]}]},{"@type":"ImageObject","inLanguage":"it-IT","@id":"http:\/\/www.lasaggezzadichirone.org\/site\/invito\/#primaryimage","url":"http:\/\/www.lasaggezzadichirone.org\/site\/wp-content\/uploads\/2024\/02\/Chiron._Etching._Wellcome_V0035833-217x300.jpg","contentUrl":"http:\/\/www.lasaggezzadichirone.org\/site\/wp-content\/uploads\/2024\/02\/Chiron._Etching._Wellcome_V0035833-217x300.jpg"},{"@type":"BreadcrumbList","@id":"http:\/\/www.lasaggezzadichirone.org\/site\/invito\/#breadcrumb","itemListElement":[{"@type":"ListItem","position":1,"name":"Home","item":"http:\/\/www.lasaggezzadichirone.org\/site\/"},{"@type":"ListItem","position":2,"name":"Invito"}]},{"@type":"WebSite","@id":"http:\/\/www.lasaggezzadichirone.org\/site\/#website","url":"http:\/\/www.lasaggezzadichirone.org\/site\/","name":"La Saggezza di Chirone","description":"Letteratura, Filosofia, Etica, Poesia e Animali","publisher":{"@id":"http:\/\/www.lasaggezzadichirone.org\/site\/#organization"},"potentialAction":[{"@type":"SearchAction","target":{"@type":"EntryPoint","urlTemplate":"http:\/\/www.lasaggezzadichirone.org\/site\/?s={search_term_string}"},"query-input":{"@type":"PropertyValueSpecification","valueRequired":true,"valueName":"search_term_string"}}],"inLanguage":"it-IT"},{"@type":"Organization","@id":"http:\/\/www.lasaggezzadichirone.org\/site\/#organization","name":"La Saggezza di Chirone","url":"http:\/\/www.lasaggezzadichirone.org\/site\/","logo":{"@type":"ImageObject","inLanguage":"it-IT","@id":"http:\/\/www.lasaggezzadichirone.org\/site\/#\/schema\/logo\/image\/","url":"http:\/\/www.lasaggezzadichirone.org\/site\/wp-content\/uploads\/2013\/12\/chirone2.jpg","contentUrl":"http:\/\/www.lasaggezzadichirone.org\/site\/wp-content\/uploads\/2013\/12\/chirone2.jpg","width":300,"height":248,"caption":"La Saggezza di Chirone"},"image":{"@id":"http:\/\/www.lasaggezzadichirone.org\/site\/#\/schema\/logo\/image\/"}}]}},"_links":{"self":[{"href":"http:\/\/www.lasaggezzadichirone.org\/site\/wp-json\/wp\/v2\/pages\/4","targetHints":{"allow":["GET"]}}],"collection":[{"href":"http:\/\/www.lasaggezzadichirone.org\/site\/wp-json\/wp\/v2\/pages"}],"about":[{"href":"http:\/\/www.lasaggezzadichirone.org\/site\/wp-json\/wp\/v2\/types\/page"}],"author":[{"embeddable":true,"href":"http:\/\/www.lasaggezzadichirone.org\/site\/wp-json\/wp\/v2\/users\/1"}],"replies":[{"embeddable":true,"href":"http:\/\/www.lasaggezzadichirone.org\/site\/wp-json\/wp\/v2\/comments?post=4"}],"version-history":[{"count":36,"href":"http:\/\/www.lasaggezzadichirone.org\/site\/wp-json\/wp\/v2\/pages\/4\/revisions"}],"predecessor-version":[{"id":2303,"href":"http:\/\/www.lasaggezzadichirone.org\/site\/wp-json\/wp\/v2\/pages\/4\/revisions\/2303"}],"wp:attachment":[{"href":"http:\/\/www.lasaggezzadichirone.org\/site\/wp-json\/wp\/v2\/media?parent=4"}],"curies":[{"name":"wp","href":"https:\/\/api.w.org\/{rel}","templated":true}]}}